{"id":727,"date":"2022-06-27T11:24:41","date_gmt":"2022-06-27T11:24:41","guid":{"rendered":"https:\/\/perspektywa.olsztyn.pl\/?page_id=727"},"modified":"2022-06-27T11:24:41","modified_gmt":"2022-06-27T11:24:41","slug":"promocja-w-mediach","status":"publish","type":"page","link":"https:\/\/perspektywa.olsztyn.pl\/index.php\/promocja-w-mediach\/","title":{"rendered":"Promocja w mediach"},"content":{"rendered":"\n<p>Sze\u015b\u0107 lokalnych inicjatyw by\u0142o promowane przez presti\u017cowe, lokalne czasopismo MADEin. Publikacja jest dost\u0119pna zar\u00f3wno w formacie cyfrowym jak i klasycznym. Zapraszamy do lektury:<\/p>\n\n\n\n<p><a href=\"https:\/\/madeinwm.pl\/wp-content\/uploads\/2022\/05\/MADEIN_No49_WEB.pdf\">https:\/\/madeinwm.pl\/wp-content\/uploads\/2022\/05\/MADEIN_No49_WEB.pdf<\/a><\/p>\n\n\n\n<div class=\"wp-block-file\"><a href=\"https:\/\/perspektywa.olsztyn.pl\/wp-content\/uploads\/2022\/06\/MADEIN_No49_WEB.pdf\">MADEIN_No49_WEB<\/a><a href=\"https:\/\/perspektywa.olsztyn.pl\/wp-content\/uploads\/2022\/06\/MADEIN_No49_WEB.pdf\" class=\"wp-block-file__button\" download>Pobierz<\/a><\/div>\n\n\n\n<figure class=\"wp-block-gallery columns-1 is-cropped wp-block-gallery-1 is-layout-flex wp-block-gallery-is-layout-flex\"><ul class=\"blocks-gallery-grid\"><li class=\"blocks-gallery-item\"><figure><img loading=\"lazy\" decoding=\"async\" width=\"481\" height=\"671\" src=\"https:\/\/perspektywa.olsztyn.pl\/wp-content\/uploads\/2022\/06\/str-gazeta.png\" alt=\"\" data-id=\"729\" data-full-url=\"https:\/\/perspektywa.olsztyn.pl\/wp-content\/uploads\/2022\/06\/str-gazeta.png\" data-link=\"https:\/\/perspektywa.olsztyn.pl\/?attachment_id=729\" class=\"wp-image-729\" srcset=\"https:\/\/perspektywa.olsztyn.pl\/wp-content\/uploads\/2022\/06\/str-gazeta.png 481w, https:\/\/perspektywa.olsztyn.pl\/wp-content\/uploads\/2022\/06\/str-gazeta-215x300.png 215w\" sizes=\"auto, (max-width: 481px) 100vw, 481px\" \/><\/figure><\/li><\/ul><\/figure>\n\n\n\n<figure class=\"wp-block-gallery columns-1 is-cropped wp-block-gallery-2 is-layout-flex wp-block-gallery-is-layout-flex\"><ul class=\"blocks-gallery-grid\"><li class=\"blocks-gallery-item\"><figure><img loading=\"lazy\" decoding=\"async\" width=\"578\" height=\"788\" src=\"https:\/\/perspektywa.olsztyn.pl\/wp-content\/uploads\/2022\/06\/artykul.png\" alt=\"\" data-id=\"730\" data-full-url=\"https:\/\/perspektywa.olsztyn.pl\/wp-content\/uploads\/2022\/06\/artykul.png\" data-link=\"https:\/\/perspektywa.olsztyn.pl\/?attachment_id=730\" class=\"wp-image-730\" srcset=\"https:\/\/perspektywa.olsztyn.pl\/wp-content\/uploads\/2022\/06\/artykul.png 578w, https:\/\/perspektywa.olsztyn.pl\/wp-content\/uploads\/2022\/06\/artykul-220x300.png 220w\" sizes=\"auto, (max-width: 578px) 100vw, 578px\" \/><\/figure><\/li><\/ul><\/figure>\n","protected":false},"excerpt":{"rendered":"<p>Sze\u015b\u0107 lokalnych inicjatyw by\u0142o promowane przez presti\u017cowe, lokalne czasopismo MADEin. Publikacja jest dost\u0119pna zar\u00f3wno w formacie cyfrowym jak i klasycznym. Zapraszamy do lektury: https:\/\/madeinwm.pl\/wp-content\/uploads\/2022\/05\/MADEIN_No49_WEB.pdf<\/p>\n","protected":false},"author":1,"featured_media":0,"parent":0,"menu_order":0,"comment_status":"closed","ping_status":"closed","template":"","meta":{"footnotes":""},"class_list":["post-727","page","type-page","status-publish","hentry"],"_links":{"self":[{"href":"https:\/\/perspektywa.olsztyn.pl\/index.php\/wp-json\/wp\/v2\/pages\/727","targetHints":{"allow":["GET"]}}],"collection":[{"href":"https:\/\/perspektywa.olsztyn.pl\/index.php\/wp-json\/wp\/v2\/pages"}],"about":[{"href":"https:\/\/perspektywa.olsztyn.pl\/index.php\/wp-json\/wp\/v2\/types\/page"}],"author":[{"embeddable":true,"href":"https:\/\/perspektywa.olsztyn.pl\/index.php\/wp-json\/wp\/v2\/users\/1"}],"replies":[{"embeddable":true,"href":"https:\/\/perspektywa.olsztyn.pl\/index.php\/wp-json\/wp\/v2\/comments?post=727"}],"version-history":[{"count":1,"href":"https:\/\/perspektywa.olsztyn.pl\/index.php\/wp-json\/wp\/v2\/pages\/727\/revisions"}],"predecessor-version":[{"id":732,"href":"https:\/\/perspektywa.olsztyn.pl\/index.php\/wp-json\/wp\/v2\/pages\/727\/revisions\/732"}],"wp:attachment":[{"href":"https:\/\/perspektywa.olsztyn.pl\/index.php\/wp-json\/wp\/v2\/media?parent=727"}],"curies":[{"name":"wp","href":"https:\/\/api.w.org\/{rel}","templated":true}]}}