{"id":724,"date":"2022-06-27T11:15:07","date_gmt":"2022-06-27T11:15:07","guid":{"rendered":"https:\/\/perspektywa.olsztyn.pl\/?page_id=724"},"modified":"2022-07-07T11:22:56","modified_gmt":"2022-07-07T11:22:56","slug":"film","status":"publish","type":"page","link":"https:\/\/perspektywa.olsztyn.pl\/index.php\/film\/","title":{"rendered":"Film"},"content":{"rendered":"\n<p>Zapraszamy do obejrzenia filmu promuj\u0105cego efekty projektu M\u0142odzie\u017cowe Centrum Wolontariatu oraz jego rezultat\u00f3w czyli Banku Inicjatyw z 6 autorskimi dzia\u0142aniami na rzecz potrzeb spo\u0142eczno\u015bci lokalnej!<\/p>\n\n\n\n<figure class=\"wp-block-embed is-type-video is-provider-youtube wp-block-embed-youtube wp-embed-aspect-16-9 wp-has-aspect-ratio\"><div class=\"wp-block-embed__wrapper\">\n<iframe loading=\"lazy\" title=\"M\u0142odzie\u017cowe Centrum Wolontariatu\" width=\"525\" height=\"295\" src=\"https:\/\/www.youtube.com\/embed\/degvvHt2I5A?feature=oembed\" frameborder=\"0\" allow=\"accelerometer; autoplay; clipboard-write; encrypted-media; gyroscope; picture-in-picture; web-share\" referrerpolicy=\"strict-origin-when-cross-origin\" allowfullscreen><\/iframe>\n<\/div><\/figure>\n","protected":false},"excerpt":{"rendered":"<p>Zapraszamy do obejrzenia filmu promuj\u0105cego efekty projektu M\u0142odzie\u017cowe Centrum Wolontariatu oraz jego rezultat\u00f3w czyli Banku Inicjatyw z 6 autorskimi dzia\u0142aniami na rzecz potrzeb spo\u0142eczno\u015bci lokalnej!<\/p>\n","protected":false},"author":1,"featured_media":0,"parent":0,"menu_order":0,"comment_status":"closed","ping_status":"closed","template":"","meta":{"footnotes":""},"class_list":["post-724","page","type-page","status-publish","hentry"],"_links":{"self":[{"href":"https:\/\/perspektywa.olsztyn.pl\/index.php\/wp-json\/wp\/v2\/pages\/724","targetHints":{"allow":["GET"]}}],"collection":[{"href":"https:\/\/perspektywa.olsztyn.pl\/index.php\/wp-json\/wp\/v2\/pages"}],"about":[{"href":"https:\/\/perspektywa.olsztyn.pl\/index.php\/wp-json\/wp\/v2\/types\/page"}],"author":[{"embeddable":true,"href":"https:\/\/perspektywa.olsztyn.pl\/index.php\/wp-json\/wp\/v2\/users\/1"}],"replies":[{"embeddable":true,"href":"https:\/\/perspektywa.olsztyn.pl\/index.php\/wp-json\/wp\/v2\/comments?post=724"}],"version-history":[{"count":3,"href":"https:\/\/perspektywa.olsztyn.pl\/index.php\/wp-json\/wp\/v2\/pages\/724\/revisions"}],"predecessor-version":[{"id":1063,"href":"https:\/\/perspektywa.olsztyn.pl\/index.php\/wp-json\/wp\/v2\/pages\/724\/revisions\/1063"}],"wp:attachment":[{"href":"https:\/\/perspektywa.olsztyn.pl\/index.php\/wp-json\/wp\/v2\/media?parent=724"}],"curies":[{"name":"wp","href":"https:\/\/api.w.org\/{rel}","templated":true}]}}