{"id":309,"date":"2022-01-27T12:21:41","date_gmt":"2022-01-27T12:21:41","guid":{"rendered":"https:\/\/perspektywa.olsztyn.pl\/?page_id=309"},"modified":"2022-06-30T09:22:42","modified_gmt":"2022-06-30T09:22:42","slug":"efekty-2021","status":"publish","type":"page","link":"https:\/\/perspektywa.olsztyn.pl\/index.php\/efekty-2021\/","title":{"rendered":"Efekty 2021-2022"},"content":{"rendered":"\n<figure class=\"wp-block-gallery columns-1 is-cropped wp-block-gallery-1 is-layout-flex wp-block-gallery-is-layout-flex\"><ul class=\"blocks-gallery-grid\"><li class=\"blocks-gallery-item\"><figure><img loading=\"lazy\" decoding=\"async\" width=\"1024\" height=\"149\" src=\"https:\/\/perspektywa.olsztyn.pl\/wp-content\/uploads\/2022\/06\/NOWE_FIO_zestawienie_1_KOLOR-2-1024x149.jpg\" alt=\"\" data-id=\"1049\" data-full-url=\"https:\/\/perspektywa.olsztyn.pl\/wp-content\/uploads\/2022\/06\/NOWE_FIO_zestawienie_1_KOLOR-2-scaled.jpg\" data-link=\"https:\/\/perspektywa.olsztyn.pl\/index.php\/efekty-2021\/nowe_fio_zestawienie_1_kolor-2\/\" class=\"wp-image-1049\" srcset=\"https:\/\/perspektywa.olsztyn.pl\/wp-content\/uploads\/2022\/06\/NOWE_FIO_zestawienie_1_KOLOR-2-1024x149.jpg 1024w, https:\/\/perspektywa.olsztyn.pl\/wp-content\/uploads\/2022\/06\/NOWE_FIO_zestawienie_1_KOLOR-2-300x44.jpg 300w, https:\/\/perspektywa.olsztyn.pl\/wp-content\/uploads\/2022\/06\/NOWE_FIO_zestawienie_1_KOLOR-2-768x112.jpg 768w, https:\/\/perspektywa.olsztyn.pl\/wp-content\/uploads\/2022\/06\/NOWE_FIO_zestawienie_1_KOLOR-2-1536x223.jpg 1536w, https:\/\/perspektywa.olsztyn.pl\/wp-content\/uploads\/2022\/06\/NOWE_FIO_zestawienie_1_KOLOR-2-2048x298.jpg 2048w\" sizes=\"auto, (max-width: 767px) 89vw, (max-width: 1000px) 54vw, (max-width: 1071px) 543px, 580px\" \/><\/figure><\/li><\/ul><\/figure>\n\n\n\n<p><strong>W trakcie lat 2021-2022  w ramach projektu M\u0142odzie\u017cowe Centrum Wolontariatu uda\u0142o si\u0119  zrealizowa\u0107  w pe\u0142ni wszystkie za\u0142o\u017cenia projektu. Mimo trwaj\u0105cej pandemii zaj\u0119cia  uda\u0142o si\u0119 zrealizowa\u0107 planowo &#8211; zgodnie z harmonogramem. <\/strong><\/p>\n\n\n\n<p>Do ko\u0144ca marca 2022 uda\u0142o si\u0119 nam zrealizowa\u0107:<\/p>\n\n\n\n<p>a) 144 h zaj\u0119\u0107 Warsztat\u00f3w Szko\u0142y Lidera (po 24h w ka\u017cdej z 6 grup). Podczas zaj\u0119\u0107 uczestnicy zaznajomili si\u0119 z ide\u0105 i organizacj\u0105 wolontariatu, przeszli blok coachingowy gdzie trenowali i wydobywali w sobie cechy przyw\u00f3dcze, warsztaty komunikacyjne, debat\u0119 spo\u0142eczn\u0105. Podczas zaj\u0119\u0107 uczestnicy planowali rozw\u00f3j Banku inicjatyw.<\/p>\n\n\n\n<p>b) 144h zaj\u0119\u0107 Warsztat\u00f3w dziennikarskich (po 24h w ka\u017cdej z 6 grup). Podczas zaj\u0119\u0107 uczestnicy zdobywali warsztat dziennikarski przez poznanie r\u00f3\u017cnych rodzaj\u00f3w dziennikarstwa, doskonalili umiej\u0119tno\u015bci pisarskie, zbierali materia\u0142 do biuletyn\u00f3w, kt\u00f3re s\u0105 udost\u0119pnione pod inicjatyw\u0105 ka\u017cdej grupy na stronie<\/p>\n\n\n\n<p>c) 96h zaj\u0119\u0107 Warsztat\u00f3w r\u0119kodzie\u0142a (po 16h w ka\u017cdej z 6 grup). Podczas zaj\u0119\u0107 uczestnicy zdobyli praktyczne umiej\u0119tno\u015bci wytwarzania pi\u0119knych i u\u017cytecznych przedmiot\u00f3w oraz rozwijali umiej\u0119tno\u015bci, kt\u00f3re p\u00f3\u017aniej b\u0119d\u0105 mogli rozwija\u0107 w dzia\u0142aniach wolontarystycznych. Uczestnicy wykonali wiele ozd\u00f3b technik\u0105 makramy, kaligrafii decoupage<\/p>\n\n\n\n<p>W roku 2022 uczestnicy zrealizowali 6 autorskich inicjatyw, kt\u00f3re s\u0105 szczeg\u00f3\u0142owo opisane w zak\u0142adce Bank inicjatyw. Projekt szcz\u0119\u015bliwie dobieg\u0142 ko\u0144ca a nam jako organizatorom uda\u0142o si\u0119 osi\u0105gn\u0105\u0107 wszystkie projektowe wska\u017aniki oraz zrealizowa\u0107 ka\u017cde projektowe zadanie.<\/p>\n\n\n\n<p>Podsumowanie projektu znajduje si\u0119 w naszym og\u00f3lnym biuletynie do pobrania poni\u017cej:<\/p>\n\n\n\n<p><\/p>\n\n\n\n<p><strong><em><span class=\"has-inline-color has-vivid-cyan-blue-color\">Pliki do pobrania:<\/span><\/em><\/strong><\/p>\n\n\n\n<p><strong><span class=\"has-inline-color has-vivid-green-cyan-color\">Biuletyn promocyjny po ca\u0142ym projekcie:<\/span><\/strong><\/p>\n\n\n\n<div class=\"wp-block-file\"><a href=\"https:\/\/perspektywa.olsztyn.pl\/wp-content\/uploads\/2022\/06\/Perspektyw-poprojektowa.pdf\">Perspektywa-poprojektowa<\/a><a href=\"https:\/\/perspektywa.olsztyn.pl\/wp-content\/uploads\/2022\/06\/Perspektyw-poprojektowa.pdf\" class=\"wp-block-file__button\" download>Pobierz<\/a><\/div>\n\n\n\n<p><strong><span class=\"has-inline-color has-vivid-green-cyan-color\">Raporty z zaj\u0119\u0107:<\/span><\/strong><\/p>\n\n\n\n<div class=\"wp-block-file\"><a href=\"https:\/\/perspektywa.olsztyn.pl\/wp-content\/uploads\/2022\/06\/Raport-Warsztaty-Dziennikarskie-1.doc\">Raport-Warsztaty-Dziennikarskie-1<\/a><a href=\"https:\/\/perspektywa.olsztyn.pl\/wp-content\/uploads\/2022\/06\/Raport-Warsztaty-Dziennikarskie-1.doc\" class=\"wp-block-file__button\" download>Pobierz<\/a><\/div>\n\n\n\n<div class=\"wp-block-file\"><a href=\"https:\/\/perspektywa.olsztyn.pl\/wp-content\/uploads\/2022\/06\/Raport-Warsztaty-Rekodzielnicze-1.doc\">Raport-Warsztaty-Rekodzielnicze-1<\/a><a href=\"https:\/\/perspektywa.olsztyn.pl\/wp-content\/uploads\/2022\/06\/Raport-Warsztaty-Rekodzielnicze-1.doc\" class=\"wp-block-file__button\" download>Pobierz<\/a><\/div>\n\n\n\n<div class=\"wp-block-file\"><a href=\"https:\/\/perspektywa.olsztyn.pl\/wp-content\/uploads\/2022\/06\/Raport-Warsztaty-Szkoly-Lidera-1.doc\">Raport-Warsztaty-Szkoly-Lidera-1<\/a><a href=\"https:\/\/perspektywa.olsztyn.pl\/wp-content\/uploads\/2022\/06\/Raport-Warsztaty-Szkoly-Lidera-1.doc\" class=\"wp-block-file__button\" download>Pobierz<\/a><\/div>\n\n\n\n<p><strong><span class=\"has-inline-color has-vivid-green-cyan-color\">Plany i raporty z inicjatyw:<\/span><\/strong><\/p>\n\n\n\n<div class=\"wp-block-file\"><a href=\"https:\/\/perspektywa.olsztyn.pl\/wp-content\/uploads\/2022\/06\/Program-inicjatywy-gr-1-1.doc\">Program-inicjatywy-gr-1-1<\/a><a href=\"https:\/\/perspektywa.olsztyn.pl\/wp-content\/uploads\/2022\/06\/Program-inicjatywy-gr-1-1.doc\" class=\"wp-block-file__button\" download>Pobierz<\/a><\/div>\n\n\n\n<div class=\"wp-block-file\"><a href=\"https:\/\/perspektywa.olsztyn.pl\/wp-content\/uploads\/2022\/06\/Program-inicjatywy-gr-2-1.doc\">Program-inicjatywy-gr-2-1<\/a><a href=\"https:\/\/perspektywa.olsztyn.pl\/wp-content\/uploads\/2022\/06\/Program-inicjatywy-gr-2-1.doc\" class=\"wp-block-file__button\" download>Pobierz<\/a><\/div>\n\n\n\n<div class=\"wp-block-file\"><a href=\"https:\/\/perspektywa.olsztyn.pl\/wp-content\/uploads\/2022\/06\/Program-inicjatywy-gr-3-1.doc\">Program-inicjatywy-gr-3-1<\/a><a href=\"https:\/\/perspektywa.olsztyn.pl\/wp-content\/uploads\/2022\/06\/Program-inicjatywy-gr-3-1.doc\" class=\"wp-block-file__button\" download>Pobierz<\/a><\/div>\n\n\n\n<div class=\"wp-block-file\"><a href=\"https:\/\/perspektywa.olsztyn.pl\/wp-content\/uploads\/2022\/06\/Program-inicjatywy-gr-4-1.doc\">Program-inicjatywy-gr-4-1<\/a><a href=\"https:\/\/perspektywa.olsztyn.pl\/wp-content\/uploads\/2022\/06\/Program-inicjatywy-gr-4-1.doc\" class=\"wp-block-file__button\" download>Pobierz<\/a><\/div>\n\n\n\n<div class=\"wp-block-file\"><a href=\"https:\/\/perspektywa.olsztyn.pl\/wp-content\/uploads\/2022\/06\/Program-inicjatywy-gr-5-1.doc\">Program-inicjatywy-gr-5-1<\/a><a href=\"https:\/\/perspektywa.olsztyn.pl\/wp-content\/uploads\/2022\/06\/Program-inicjatywy-gr-5-1.doc\" class=\"wp-block-file__button\" download>Pobierz<\/a><\/div>\n\n\n\n<div class=\"wp-block-file\"><a href=\"https:\/\/perspektywa.olsztyn.pl\/wp-content\/uploads\/2022\/06\/Program-inicjatywy-gr-6-1.doc\">Program-inicjatywy-gr-6-1<\/a><a href=\"https:\/\/perspektywa.olsztyn.pl\/wp-content\/uploads\/2022\/06\/Program-inicjatywy-gr-6-1.doc\" class=\"wp-block-file__button\" download>Pobierz<\/a><\/div>\n\n\n\n<p><strong><span class=\"has-inline-color has-vivid-green-cyan-color\">Biuletyny informacyjne grup:<\/span><\/strong><\/p>\n\n\n\n<div class=\"wp-block-file\"><a href=\"https:\/\/perspektywa.olsztyn.pl\/wp-content\/uploads\/2022\/06\/Biuletyn-Bukwald-1.pdf\">Biuletyn-Bukwald-1<\/a><a href=\"https:\/\/perspektywa.olsztyn.pl\/wp-content\/uploads\/2022\/06\/Biuletyn-Bukwald-1.pdf\" class=\"wp-block-file__button\" download>Pobierz<\/a><\/div>\n\n\n\n<div class=\"wp-block-file\"><a href=\"https:\/\/perspektywa.olsztyn.pl\/wp-content\/uploads\/2022\/06\/biuletyn-herbatka-dla-babci-i-dziadka-2.pdf\">biuletyn-herbatka-dla-babci-i-dziadka-2<\/a><a href=\"https:\/\/perspektywa.olsztyn.pl\/wp-content\/uploads\/2022\/06\/biuletyn-herbatka-dla-babci-i-dziadka-2.pdf\" class=\"wp-block-file__button\" download>Pobierz<\/a><\/div>\n\n\n\n<div class=\"wp-block-file\"><a href=\"https:\/\/perspektywa.olsztyn.pl\/wp-content\/uploads\/2022\/06\/Kwietna-laka-2.pdf\">Kwietna-laka-2<\/a><a href=\"https:\/\/perspektywa.olsztyn.pl\/wp-content\/uploads\/2022\/06\/Kwietna-laka-2.pdf\" class=\"wp-block-file__button\" download>Pobierz<\/a><\/div>\n\n\n\n<div class=\"wp-block-file\"><a href=\"https:\/\/perspektywa.olsztyn.pl\/wp-content\/uploads\/2022\/06\/Zajecia-dziennikarskie_grupa-I-2.pdf\">Zajecia-dziennikarskie_grupa-I-2<\/a><a href=\"https:\/\/perspektywa.olsztyn.pl\/wp-content\/uploads\/2022\/06\/Zajecia-dziennikarskie_grupa-I-2.pdf\" class=\"wp-block-file__button\" download>Pobierz<\/a><\/div>\n\n\n\n<div class=\"wp-block-file\"><a href=\"https:\/\/perspektywa.olsztyn.pl\/wp-content\/uploads\/2022\/06\/Zajecia-dziennikarskie_SP-Sprecowo-3.pdf\">Zajecia-dziennikarskie_SP-Sprecowo-3<\/a><a href=\"https:\/\/perspektywa.olsztyn.pl\/wp-content\/uploads\/2022\/06\/Zajecia-dziennikarskie_SP-Sprecowo-3.pdf\" class=\"wp-block-file__button\" download>Pobierz<\/a><\/div>\n\n\n\n<div class=\"wp-block-file\"><a href=\"https:\/\/perspektywa.olsztyn.pl\/wp-content\/uploads\/2022\/06\/Zajecia-dziennikarskie_grupa-II-3.pdf\">Zajecia-dziennikarskie_grupa-II-3<\/a><a href=\"https:\/\/perspektywa.olsztyn.pl\/wp-content\/uploads\/2022\/06\/Zajecia-dziennikarskie_grupa-II-3.pdf\" class=\"wp-block-file__button\" download>Pobierz<\/a><\/div>\n\n\n\n<figure class=\"wp-block-embed is-type-wp-embed is-provider-fundacja-quot-perspektywa-quot wp-block-embed-fundacja-quot-perspektywa-quot\"><div class=\"wp-block-embed__wrapper\">\n<blockquote class=\"wp-embedded-content\" data-secret=\"t5BeevrE4l\"><a href=\"https:\/\/perspektywa.olsztyn.pl\/index.php\/wycieczka\/\">Wycieczka<\/a><\/blockquote><iframe loading=\"lazy\" class=\"wp-embedded-content\" sandbox=\"allow-scripts\" security=\"restricted\" style=\"position: absolute; clip: rect(1px, 1px, 1px, 1px);\" title=\"&#8222;Wycieczka&#8221; &#8212; \" src=\"https:\/\/perspektywa.olsztyn.pl\/index.php\/wycieczka\/embed\/#?secret=6ALptIXCfQ#?secret=t5BeevrE4l\" data-secret=\"t5BeevrE4l\" width=\"525\" height=\"296\" frameborder=\"0\" marginwidth=\"0\" marginheight=\"0\" scrolling=\"no\"><\/iframe>\n<\/div><\/figure>\n\n\n\n<figure class=\"wp-block-embed is-type-wp-embed is-provider-fundacja-quot-perspektywa-quot wp-block-embed-fundacja-quot-perspektywa-quot\"><div class=\"wp-block-embed__wrapper\">\n<blockquote class=\"wp-embedded-content\" data-secret=\"JRr1pTeKaS\"><a href=\"https:\/\/perspektywa.olsztyn.pl\/index.php\/film\/\">Film<\/a><\/blockquote><iframe loading=\"lazy\" class=\"wp-embedded-content\" sandbox=\"allow-scripts\" security=\"restricted\" style=\"position: absolute; clip: rect(1px, 1px, 1px, 1px);\" title=\"&#8222;Film&#8221; &#8212; \" src=\"https:\/\/perspektywa.olsztyn.pl\/index.php\/film\/embed\/#?secret=53ZymQ4CD5#?secret=JRr1pTeKaS\" data-secret=\"JRr1pTeKaS\" width=\"525\" height=\"296\" frameborder=\"0\" marginwidth=\"0\" marginheight=\"0\" scrolling=\"no\"><\/iframe>\n<\/div><\/figure>\n\n\n\n<figure class=\"wp-block-embed is-type-wp-embed is-provider-fundacja-quot-perspektywa-quot wp-block-embed-fundacja-quot-perspektywa-quot\"><div class=\"wp-block-embed__wrapper\">\n<blockquote class=\"wp-embedded-content\" data-secret=\"0zSPr6stL6\"><a href=\"https:\/\/perspektywa.olsztyn.pl\/index.php\/promocja-w-mediach\/\">Promocja w mediach<\/a><\/blockquote><iframe loading=\"lazy\" class=\"wp-embedded-content\" sandbox=\"allow-scripts\" security=\"restricted\" style=\"position: absolute; clip: rect(1px, 1px, 1px, 1px);\" title=\"&#8222;Promocja w mediach&#8221; &#8212; \" src=\"https:\/\/perspektywa.olsztyn.pl\/index.php\/promocja-w-mediach\/embed\/#?secret=6kMSnOcQYJ#?secret=0zSPr6stL6\" data-secret=\"0zSPr6stL6\" width=\"525\" height=\"296\" frameborder=\"0\" marginwidth=\"0\" marginheight=\"0\" scrolling=\"no\"><\/iframe>\n<\/div><\/figure>\n\n\n\n<p><\/p>\n\n\n\n<p><span class=\"has-inline-color has-vivid-green-cyan-color\">Zdj\u0119cia z projektu: <\/span><\/p>\n\n\n\n<p><a href=\"https:\/\/drive.google.com\/file\/d\/1ZPmgitbV6GO5VTKYYO0UPQihOiIPsH_9\/view?usp=sharing\">https:\/\/drive.google.com\/file\/d\/1ZPmgitbV6GO5VTKYYO0UPQihOiIPsH_9\/view?usp=sharing<\/a><\/p>\n","protected":false},"excerpt":{"rendered":"<p>W trakcie lat 2021-2022 w ramach projektu M\u0142odzie\u017cowe Centrum Wolontariatu uda\u0142o si\u0119 zrealizowa\u0107 w pe\u0142ni wszystkie za\u0142o\u017cenia projektu. Mimo trwaj\u0105cej pandemii zaj\u0119cia uda\u0142o si\u0119 zrealizowa\u0107 planowo &#8211; zgodnie z harmonogramem. Do ko\u0144ca marca 2022 uda\u0142o si\u0119 nam zrealizowa\u0107: a) 144 h zaj\u0119\u0107 Warsztat\u00f3w Szko\u0142y Lidera (po 24h w ka\u017cdej z 6 grup). Podczas zaj\u0119\u0107 uczestnicy &hellip; <\/p>\n<p class=\"link-more\"><a href=\"https:\/\/perspektywa.olsztyn.pl\/index.php\/efekty-2021\/\" class=\"more-link\">Czytaj dalej<span class=\"screen-reader-text\"> \u201eEfekty 2021-2022\u201d<\/span><\/a><\/p>\n","protected":false},"author":1,"featured_media":0,"parent":0,"menu_order":0,"comment_status":"closed","ping_status":"closed","template":"","meta":{"footnotes":""},"class_list":["post-309","page","type-page","status-publish","hentry"],"_links":{"self":[{"href":"https:\/\/perspektywa.olsztyn.pl\/index.php\/wp-json\/wp\/v2\/pages\/309","targetHints":{"allow":["GET"]}}],"collection":[{"href":"https:\/\/perspektywa.olsztyn.pl\/index.php\/wp-json\/wp\/v2\/pages"}],"about":[{"href":"https:\/\/perspektywa.olsztyn.pl\/index.php\/wp-json\/wp\/v2\/types\/page"}],"author":[{"embeddable":true,"href":"https:\/\/perspektywa.olsztyn.pl\/index.php\/wp-json\/wp\/v2\/users\/1"}],"replies":[{"embeddable":true,"href":"https:\/\/perspektywa.olsztyn.pl\/index.php\/wp-json\/wp\/v2\/comments?post=309"}],"version-history":[{"count":9,"href":"https:\/\/perspektywa.olsztyn.pl\/index.php\/wp-json\/wp\/v2\/pages\/309\/revisions"}],"predecessor-version":[{"id":1060,"href":"https:\/\/perspektywa.olsztyn.pl\/index.php\/wp-json\/wp\/v2\/pages\/309\/revisions\/1060"}],"wp:attachment":[{"href":"https:\/\/perspektywa.olsztyn.pl\/index.php\/wp-json\/wp\/v2\/media?parent=309"}],"curies":[{"name":"wp","href":"https:\/\/api.w.org\/{rel}","templated":true}]}}