{"id":305,"date":"2022-01-27T11:30:51","date_gmt":"2022-01-27T11:30:51","guid":{"rendered":"https:\/\/perspektywa.olsztyn.pl\/?page_id=305"},"modified":"2024-02-21T13:04:52","modified_gmt":"2024-02-21T13:04:52","slug":"efekty-projektu","status":"publish","type":"page","link":"https:\/\/perspektywa.olsztyn.pl\/index.php\/efekty-projektu\/","title":{"rendered":"Efekty projektu"},"content":{"rendered":"\n<p><strong>Projekt Akademia Bezpiecznego Seniora! realizowany ze \u015brodk\u00f3w MRiPS w ramach programu Aktywni + 2021 dobieg\u0142 ko\u0144ca. Za nami w sumie 832 godziny zaj\u0119\u0107 i warsztat\u00f3w, 5 pi\u0119knych inicjatyw spo\u0142ecznych. Opr\u00f3cz tego wiele przyja\u017ani, wsp\u00f3lnych chwil rado\u015bci a co najwa\u017cniejsze setki u\u015bmiech\u00f3w.<\/strong><\/p>\n\n\n\n<p>Akademi\u0119 Bezpiecznego Seniora ko\u0144czymy z poczuciem spe\u0142nienia oraz sukcesu. Mimo trwaj\u0105cej pandemii uda\u0142o si\u0119 nam wsp\u00f3lnie z Beneficjentami zrealizowa\u0107 projekt w pe\u0142ni. Przed realizacj\u0105 przedsi\u0119wzi\u0119cia mieli\u015bmy wiele obaw i pyta\u0144 bez odpowiedzi &#8211; realizacja projektu dla Senior\u00f3w to ogromna odpowiedzialno\u015b\u0107 i poczucie obowi\u0105zku, Wiele stresu, niespodzianek i drobnych przeszk\u00f3d a jednak! Uda\u0142o si\u0119, bo ka\u017cde dobre dzia\u0142anie zawsze si\u0119 udaje.  W ramach ABS seniorzy odbyli cztery bloki zaj\u0119\u0107:<\/p>\n\n\n\n<ol class=\"wp-block-list\"><li>Obs\u0142uga narz\u0119dzi teleinformatycznych<\/li><li>ABC bezpiecze\u0144stwa zdrowotnego<\/li><li>Wsparcie prawne <\/li><li>Wsparcie psychologiczne<\/li><\/ol>\n\n\n\n<p>Na ka\u017cdych zaj\u0119ciach odnotowali\u015bmy wzorow\u0105 frekwencj\u0119 oraz jeszcze wy\u017csz\u0105 aktywno\u015b\u0107. Opr\u00f3cz oczywistych rezultat\u00f3w jak nabycie kompetencji z ka\u017cdych warsztat\u00f3w jako warto\u015b\u0107 dodan\u0105 odnotowali\u015bmy zawarte przez senior\u00f3w znajomo\u015bci, wzrost aktywno\u015bci, poszerzenie perspektyw. Seniorzy przekonali si\u0119 jak wiele mog\u0105 zaoferowa\u0107 spo\u0142ecze\u0144stwu poprzez swoje czyny. Dzi\u0119ki temu z projektu po\u015brednio skorzysta\u0142a tak\u017ce spo\u0142eczno\u015b\u0107 lokalna, kt\u00f3ra zyska\u0142a zaktywizowanych, gotowych do dzia\u0142ania senior\u00f3w. <\/p>\n\n\n\n<p>Kolejnymi efektami by\u0142y inicjatywy senioralne, kt\u00f3re szerzej opisane s\u0105 w podstronach tej witryny: film &#8222;Aktywni w ka\u017cdym wieku&#8221;, trzy artyku\u0142y, sztuka teatralna. <\/p>\n\n\n\n<p>W projekt zaanga\u017cowa\u0142o si\u0119 7 wolontariuszy, kt\u00f3rzy wspierali senior\u00f3w i kadr\u0119 projektu podczas realizacji ale r\u00f3wnie\u017c wykazali si\u0119 w\u0142asnymi inicjatywami takimi jak piknik integracyjny dla senior\u00f3w oraz koncert gong\u00f3w tybeta\u0144skich dla ka\u017cdej projektowej grupy. W sumie wolontariusze od czerwca do grudnia 2021 przepracowali 616 godzin co jest wspania\u0142ym wynikiem.<\/p>\n\n\n\n<p>Bardzo dzi\u0119kujemy wszystkim beneficjentom oraz instytucjom wspieraj\u0105cym nasze dzia\u0142ania. Wasze mocno zaci\u015bni\u0119te kciuki sprawi\u0142y, \u017ce wszystko si\u0119 uda\u0142o &#8211; a my ju\u017c bierzemy si\u0119 do pracy i organizujemy kolejne inicjatywy. <\/p>\n\n\n\n<figure class=\"wp-block-image size-large\"><img loading=\"lazy\" decoding=\"async\" width=\"724\" height=\"1024\" src=\"https:\/\/perspektywa.olsztyn.pl\/wp-content\/uploads\/2021\/12\/0001-2-724x1024.jpg\" alt=\"\" class=\"wp-image-160\" srcset=\"https:\/\/perspektywa.olsztyn.pl\/wp-content\/uploads\/2021\/12\/0001-2-724x1024.jpg 724w, https:\/\/perspektywa.olsztyn.pl\/wp-content\/uploads\/2021\/12\/0001-2-212x300.jpg 212w, https:\/\/perspektywa.olsztyn.pl\/wp-content\/uploads\/2021\/12\/0001-2-768x1086.jpg 768w, https:\/\/perspektywa.olsztyn.pl\/wp-content\/uploads\/2021\/12\/0001-2-1086x1536.jpg 1086w, https:\/\/perspektywa.olsztyn.pl\/wp-content\/uploads\/2021\/12\/0001-2-1448x2048.jpg 1448w, https:\/\/perspektywa.olsztyn.pl\/wp-content\/uploads\/2021\/12\/0001-2-scaled.jpg 1810w\" sizes=\"auto, (max-width: 724px) 100vw, 724px\" \/><\/figure>\n","protected":false},"excerpt":{"rendered":"<p>Projekt Akademia Bezpiecznego Seniora! realizowany ze \u015brodk\u00f3w MRiPS w ramach programu Aktywni + 2021 dobieg\u0142 ko\u0144ca. Za nami w sumie 832 godziny zaj\u0119\u0107 i warsztat\u00f3w, 5 pi\u0119knych inicjatyw spo\u0142ecznych. Opr\u00f3cz tego wiele przyja\u017ani, wsp\u00f3lnych chwil rado\u015bci a co najwa\u017cniejsze setki u\u015bmiech\u00f3w. Akademi\u0119 Bezpiecznego Seniora ko\u0144czymy z poczuciem spe\u0142nienia oraz sukcesu. Mimo trwaj\u0105cej pandemii uda\u0142o si\u0119 &hellip; <\/p>\n<p class=\"link-more\"><a href=\"https:\/\/perspektywa.olsztyn.pl\/index.php\/efekty-projektu\/\" class=\"more-link\">Czytaj dalej<span class=\"screen-reader-text\"> \u201eEfekty projektu\u201d<\/span><\/a><\/p>\n","protected":false},"author":1,"featured_media":0,"parent":0,"menu_order":0,"comment_status":"closed","ping_status":"closed","template":"","meta":{"footnotes":""},"class_list":["post-305","page","type-page","status-publish","hentry"],"_links":{"self":[{"href":"https:\/\/perspektywa.olsztyn.pl\/index.php\/wp-json\/wp\/v2\/pages\/305","targetHints":{"allow":["GET"]}}],"collection":[{"href":"https:\/\/perspektywa.olsztyn.pl\/index.php\/wp-json\/wp\/v2\/pages"}],"about":[{"href":"https:\/\/perspektywa.olsztyn.pl\/index.php\/wp-json\/wp\/v2\/types\/page"}],"author":[{"embeddable":true,"href":"https:\/\/perspektywa.olsztyn.pl\/index.php\/wp-json\/wp\/v2\/users\/1"}],"replies":[{"embeddable":true,"href":"https:\/\/perspektywa.olsztyn.pl\/index.php\/wp-json\/wp\/v2\/comments?post=305"}],"version-history":[{"count":4,"href":"https:\/\/perspektywa.olsztyn.pl\/index.php\/wp-json\/wp\/v2\/pages\/305\/revisions"}],"predecessor-version":[{"id":1426,"href":"https:\/\/perspektywa.olsztyn.pl\/index.php\/wp-json\/wp\/v2\/pages\/305\/revisions\/1426"}],"wp:attachment":[{"href":"https:\/\/perspektywa.olsztyn.pl\/index.php\/wp-json\/wp\/v2\/media?parent=305"}],"curies":[{"name":"wp","href":"https:\/\/api.w.org\/{rel}","templated":true}]}}