{"id":191,"date":"2022-01-24T07:54:05","date_gmt":"2022-01-24T07:54:05","guid":{"rendered":"https:\/\/perspektywa.olsztyn.pl\/?page_id=191"},"modified":"2024-02-21T01:19:43","modified_gmt":"2024-02-21T01:19:43","slug":"mlodziezowe-centrum-wolontariatu","status":"publish","type":"page","link":"https:\/\/perspektywa.olsztyn.pl\/index.php\/mlodziezowe-centrum-wolontariatu\/","title":{"rendered":"Informacje o projekcie:"},"content":{"rendered":"\n<figure class=\"wp-block-gallery has-nested-images columns-1 is-cropped wp-block-gallery-1 is-layout-flex wp-block-gallery-is-layout-flex\">\n<figure class=\"wp-block-image size-large\"><img loading=\"lazy\" decoding=\"async\" width=\"2052\" height=\"2902\" data-id=\"1383\" src=\"https:\/\/perspektywa.olsztyn.pl\/wp-content\/uploads\/2024\/02\/NOWE_FIO_plakat_2_plik_edytowalny_KOLOR-edited.png\" alt=\"\" class=\"wp-image-1383\" srcset=\"https:\/\/perspektywa.olsztyn.pl\/wp-content\/uploads\/2024\/02\/NOWE_FIO_plakat_2_plik_edytowalny_KOLOR-edited.png 2052w, https:\/\/perspektywa.olsztyn.pl\/wp-content\/uploads\/2024\/02\/NOWE_FIO_plakat_2_plik_edytowalny_KOLOR-edited-212x300.png 212w, https:\/\/perspektywa.olsztyn.pl\/wp-content\/uploads\/2024\/02\/NOWE_FIO_plakat_2_plik_edytowalny_KOLOR-edited-724x1024.png 724w, https:\/\/perspektywa.olsztyn.pl\/wp-content\/uploads\/2024\/02\/NOWE_FIO_plakat_2_plik_edytowalny_KOLOR-edited-768x1086.png 768w, https:\/\/perspektywa.olsztyn.pl\/wp-content\/uploads\/2024\/02\/NOWE_FIO_plakat_2_plik_edytowalny_KOLOR-edited-1086x1536.png 1086w, https:\/\/perspektywa.olsztyn.pl\/wp-content\/uploads\/2024\/02\/NOWE_FIO_plakat_2_plik_edytowalny_KOLOR-edited-1448x2048.png 1448w\" sizes=\"auto, (max-width: 767px) 89vw, (max-width: 1000px) 54vw, (max-width: 1071px) 543px, 580px\" \/><\/figure>\n\n\n\n<figure class=\"wp-block-image size-large\"><img loading=\"lazy\" decoding=\"async\" width=\"1024\" height=\"577\" data-id=\"1047\" src=\"https:\/\/perspektywa.olsztyn.pl\/wp-content\/uploads\/2022\/06\/bank-inicjatyw-1024x577.png\" alt=\"\" class=\"wp-image-1047\" srcset=\"https:\/\/perspektywa.olsztyn.pl\/wp-content\/uploads\/2022\/06\/bank-inicjatyw-1024x577.png 1024w, https:\/\/perspektywa.olsztyn.pl\/wp-content\/uploads\/2022\/06\/bank-inicjatyw-300x169.png 300w, https:\/\/perspektywa.olsztyn.pl\/wp-content\/uploads\/2022\/06\/bank-inicjatyw-768x433.png 768w, https:\/\/perspektywa.olsztyn.pl\/wp-content\/uploads\/2022\/06\/bank-inicjatyw-1536x865.png 1536w, https:\/\/perspektywa.olsztyn.pl\/wp-content\/uploads\/2022\/06\/bank-inicjatyw.png 1640w\" sizes=\"auto, (max-width: 767px) 89vw, (max-width: 1000px) 54vw, (max-width: 1071px) 543px, 580px\" \/><\/figure>\n<\/figure>\n\n\n\n<p><strong>Celem projektu jest zwi\u0119kszenie aktywno\u015bci obywatelskiej m\u0142odzie\u017cy ze spo\u0142eczno\u015bci miasta Olsztyna oraz powiatu olszty\u0144skiego poprzez rozwijanie idei wolontariatu tzn. poprzez utworzenie M\u0142odzie\u017cowego Centrum Wolontariatu w ramach kt\u00f3rego 48 wolontariuszy we\u017amie udzia\u0142 w warsztatach o charakterze obywatelskim &nbsp;w okresie 02. 08. 2021 r. &#8211; 30. 06. 2022 r.<\/strong><\/p>\n\n\n\n<p>Zadanie stanowi autorsk\u0105 inicjatyw\u0119 wnioskodawcy polegaj\u0105c\u0105 na kszta\u0142towaniu umiej\u0119tno\u015bci liderskich w dziedzinie aktywno\u015bci obywatelskiej i spo\u0142ecznej w\u015br\u00f3d m\u0142odzie\u017cy w wieku 13-15 lat. Przedmiotowe zadanie realizowane b\u0119dzie przez Fundacj\u0119 Perspektywa na terenie Olsztyna oraz powiatu olszty\u0144skiego. W ramach Centrum zostan\u0105 zorganizowane zaj\u0119cia o charakterze warsztatowym dla m\u0142odzie\u017cy w wieku 13-15 lat, kt\u00f3re b\u0119d\u0105 mia\u0142y na celu kszta\u0142towanie postaw obywatelskich w oparciu o rozw\u00f3j indywidualnych zdolno\u015bci i kompetencji jej uczestnik\u00f3w. Uczestnikom projektu zostan\u0105 zaoferowane trzy rodzaje warsztat\u00f3w w zale\u017cno\u015bci od preferencji zainteresowanych os\u00f3b. B\u0119d\u0105 to: warsztaty w ramach cyklu Szko\u0142a Lidera, warsztaty dziennikarsko-reporterskie oraz zaj\u0119cia r\u0119kodzielnicze. Warsztaty maj\u0105 na celu zach\u0119ci\u0107 m\u0142odzie\u017c do uczestnictwa w wolontariacie poprzez rozw\u00f3j swoich naturalnych zdolno\u015bci. Wa\u017cnym elementem zadania b\u0119dzie utworzenie przy wsparciu uczestnik\u00f3w tzw. banku inicjatyw. Jest to inicjatywa w ramach, kt\u00f3rej wolontariusze oferuj\u0105 sw\u00f3j czas lub swoje umiej\u0119tno\u015bci, z kt\u00f3rych mog\u0105 skorzysta\u0107 osoby potrzebuj\u0105ce za po\u015brednictwem banku inicjatyw.<\/p>\n\n\n\n<figure class=\"wp-block-image size-large\"><img loading=\"lazy\" decoding=\"async\" width=\"724\" height=\"1024\" src=\"https:\/\/perspektywa.olsztyn.pl\/wp-content\/uploads\/2021\/09\/Mlodziezowe-Centrum-Wolontariatu-724x1024.png\" alt=\"\" class=\"wp-image-134\" srcset=\"https:\/\/perspektywa.olsztyn.pl\/wp-content\/uploads\/2021\/09\/Mlodziezowe-Centrum-Wolontariatu-724x1024.png 724w, https:\/\/perspektywa.olsztyn.pl\/wp-content\/uploads\/2021\/09\/Mlodziezowe-Centrum-Wolontariatu-212x300.png 212w, https:\/\/perspektywa.olsztyn.pl\/wp-content\/uploads\/2021\/09\/Mlodziezowe-Centrum-Wolontariatu-768x1086.png 768w, https:\/\/perspektywa.olsztyn.pl\/wp-content\/uploads\/2021\/09\/Mlodziezowe-Centrum-Wolontariatu-1086x1536.png 1086w, https:\/\/perspektywa.olsztyn.pl\/wp-content\/uploads\/2021\/09\/Mlodziezowe-Centrum-Wolontariatu-1448x2048.png 1448w, https:\/\/perspektywa.olsztyn.pl\/wp-content\/uploads\/2021\/09\/Mlodziezowe-Centrum-Wolontariatu.png 1587w\" sizes=\"auto, (max-width: 724px) 100vw, 724px\" \/><\/figure>\n\n\n\n<figure class=\"wp-block-gallery has-nested-images columns-default is-cropped wp-block-gallery-2 is-layout-flex wp-block-gallery-is-layout-flex\">\n<figure class=\"wp-block-image size-large\"><img loading=\"lazy\" decoding=\"async\" width=\"1024\" height=\"149\" data-id=\"1045\" src=\"https:\/\/perspektywa.olsztyn.pl\/wp-content\/uploads\/2022\/06\/NOWE_FIO_zestawienie_1_KOLOR-1-1024x149.jpg\" alt=\"\" class=\"wp-image-1045\" srcset=\"https:\/\/perspektywa.olsztyn.pl\/wp-content\/uploads\/2022\/06\/NOWE_FIO_zestawienie_1_KOLOR-1-1024x149.jpg 1024w, https:\/\/perspektywa.olsztyn.pl\/wp-content\/uploads\/2022\/06\/NOWE_FIO_zestawienie_1_KOLOR-1-300x44.jpg 300w, https:\/\/perspektywa.olsztyn.pl\/wp-content\/uploads\/2022\/06\/NOWE_FIO_zestawienie_1_KOLOR-1-768x112.jpg 768w, https:\/\/perspektywa.olsztyn.pl\/wp-content\/uploads\/2022\/06\/NOWE_FIO_zestawienie_1_KOLOR-1-1536x223.jpg 1536w, https:\/\/perspektywa.olsztyn.pl\/wp-content\/uploads\/2022\/06\/NOWE_FIO_zestawienie_1_KOLOR-1-2048x298.jpg 2048w\" sizes=\"auto, (max-width: 767px) 89vw, (max-width: 1000px) 54vw, (max-width: 1071px) 543px, 580px\" \/><\/figure>\n<\/figure>\n\n\n\n<div class=\"wp-block-file\"><a id=\"wp-block-file--media-a805be32-3e29-4cbc-b491-5b7aff5018a2\" href=\"https:\/\/perspektywa.olsztyn.pl\/wp-content\/uploads\/2022\/06\/Regulamin-MCW-.pdf\">Regulamin <\/a><a href=\"https:\/\/perspektywa.olsztyn.pl\/wp-content\/uploads\/2022\/06\/Regulamin-MCW-.pdf\" class=\"wp-block-file__button wp-element-button\" download aria-describedby=\"wp-block-file--media-a805be32-3e29-4cbc-b491-5b7aff5018a2\">Pobierz<\/a><\/div>\n\n\n\n<div class=\"wp-block-file\"><a id=\"wp-block-file--media-a805be32-3e29-4cbc-b491-5b7aff5018a2\" href=\"https:\/\/perspektywa.olsztyn.pl\/wp-content\/uploads\/2022\/06\/Regulamin-MCW-.pdf\">Karta zg\u0142oszeniowa<\/a><a href=\"https:\/\/perspektywa.olsztyn.pl\/wp-content\/uploads\/2022\/06\/Regulamin-MCW-.pdf\" class=\"wp-block-file__button wp-element-button\" download aria-describedby=\"wp-block-file--media-a805be32-3e29-4cbc-b491-5b7aff5018a2\">Pobierz<\/a><\/div>\n\n\n\n<p><\/p>\n","protected":false},"excerpt":{"rendered":"<p>Celem projektu jest zwi\u0119kszenie aktywno\u015bci obywatelskiej m\u0142odzie\u017cy ze spo\u0142eczno\u015bci miasta Olsztyna oraz powiatu olszty\u0144skiego poprzez rozwijanie idei wolontariatu tzn. poprzez utworzenie M\u0142odzie\u017cowego Centrum Wolontariatu w ramach kt\u00f3rego 48 wolontariuszy we\u017amie udzia\u0142 w warsztatach o charakterze obywatelskim &nbsp;w okresie 02. 08. 2021 r. &#8211; 30. 06. 2022 r. Zadanie stanowi autorsk\u0105 inicjatyw\u0119 wnioskodawcy polegaj\u0105c\u0105 na kszta\u0142towaniu &hellip; <\/p>\n<p class=\"link-more\"><a href=\"https:\/\/perspektywa.olsztyn.pl\/index.php\/mlodziezowe-centrum-wolontariatu\/\" class=\"more-link\">Czytaj dalej<span class=\"screen-reader-text\"> \u201eInformacje o projekcie:\u201d<\/span><\/a><\/p>\n","protected":false},"author":1,"featured_media":0,"parent":0,"menu_order":0,"comment_status":"closed","ping_status":"closed","template":"","meta":{"footnotes":""},"class_list":["post-191","page","type-page","status-publish","hentry"],"_links":{"self":[{"href":"https:\/\/perspektywa.olsztyn.pl\/index.php\/wp-json\/wp\/v2\/pages\/191","targetHints":{"allow":["GET"]}}],"collection":[{"href":"https:\/\/perspektywa.olsztyn.pl\/index.php\/wp-json\/wp\/v2\/pages"}],"about":[{"href":"https:\/\/perspektywa.olsztyn.pl\/index.php\/wp-json\/wp\/v2\/types\/page"}],"author":[{"embeddable":true,"href":"https:\/\/perspektywa.olsztyn.pl\/index.php\/wp-json\/wp\/v2\/users\/1"}],"replies":[{"embeddable":true,"href":"https:\/\/perspektywa.olsztyn.pl\/index.php\/wp-json\/wp\/v2\/comments?post=191"}],"version-history":[{"count":7,"href":"https:\/\/perspektywa.olsztyn.pl\/index.php\/wp-json\/wp\/v2\/pages\/191\/revisions"}],"predecessor-version":[{"id":1385,"href":"https:\/\/perspektywa.olsztyn.pl\/index.php\/wp-json\/wp\/v2\/pages\/191\/revisions\/1385"}],"wp:attachment":[{"href":"https:\/\/perspektywa.olsztyn.pl\/index.php\/wp-json\/wp\/v2\/media?parent=191"}],"curies":[{"name":"wp","href":"https:\/\/api.w.org\/{rel}","templated":true}]}}