{"id":181,"date":"2021-12-15T13:42:13","date_gmt":"2021-12-15T13:42:13","guid":{"rendered":"https:\/\/perspektywa.olsztyn.pl\/?page_id=181"},"modified":"2021-12-15T13:42:58","modified_gmt":"2021-12-15T13:42:58","slug":"filmy","status":"publish","type":"page","link":"https:\/\/perspektywa.olsztyn.pl\/index.php\/filmy\/","title":{"rendered":"Film"},"content":{"rendered":"\n<p>Z przyjemno\u015bci\u0105 prezentujemy film, kt\u00f3ry powsta\u0142 w ramach projektu Akademia Bezpiecznego Seniora! dofinansowany ze \u015brodk\u00f3w programu wieloletniego na rzecz Os\u00f3b Starszych \u201eAktywni+\u201d na lata 2021\u20132025.<\/p>\n\n\n\n<p>Film nosi nazw\u0119 &#8222;Aktywni w ka\u017cdym wieku&#8221; i prezentuje wiele zaskakuj\u0105cych oblicz wieku senioralnego. Pokazuje, \u017ce staro\u015b\u0107 to: aktywno\u015b\u0107, nowoczesno\u015b\u0107, rado\u015b\u0107, przyja\u017a\u0144 i mi\u0142o\u015b\u0107. Mo\u017cna by wiele pisa\u0107 na temat tej publikacji lecz najlepiej j\u0105 po prostu obejrze\u0107!<\/p>\n\n\n\n<p>Zapraszamy na seans.<\/p>\n\n\n\n<figure class=\"wp-block-embed is-type-video is-provider-youtube wp-block-embed-youtube wp-embed-aspect-16-9 wp-has-aspect-ratio\"><div class=\"wp-block-embed__wrapper\">\n<iframe loading=\"lazy\" title=\"AKTYWNI W KA\u017bDYM WIEKU\" width=\"525\" height=\"295\" src=\"https:\/\/www.youtube.com\/embed\/eIycOSgN0BM?feature=oembed\" frameborder=\"0\" allow=\"accelerometer; autoplay; clipboard-write; encrypted-media; gyroscope; picture-in-picture; web-share\" referrerpolicy=\"strict-origin-when-cross-origin\" allowfullscreen><\/iframe>\n<\/div><\/figure>\n\n\n\n<figure class=\"wp-block-image size-large\"><img loading=\"lazy\" decoding=\"async\" width=\"952\" height=\"529\" src=\"https:\/\/perspektywa.olsztyn.pl\/wp-content\/uploads\/2021\/12\/str-tyt.png\" alt=\"\" class=\"wp-image-182\" srcset=\"https:\/\/perspektywa.olsztyn.pl\/wp-content\/uploads\/2021\/12\/str-tyt.png 952w, https:\/\/perspektywa.olsztyn.pl\/wp-content\/uploads\/2021\/12\/str-tyt-300x167.png 300w, https:\/\/perspektywa.olsztyn.pl\/wp-content\/uploads\/2021\/12\/str-tyt-768x427.png 768w\" sizes=\"auto, (max-width: 767px) 89vw, (max-width: 1000px) 54vw, (max-width: 1071px) 543px, 580px\" \/><\/figure>\n","protected":false},"excerpt":{"rendered":"<p>Z przyjemno\u015bci\u0105 prezentujemy film, kt\u00f3ry powsta\u0142 w ramach projektu Akademia Bezpiecznego Seniora! dofinansowany ze \u015brodk\u00f3w programu wieloletniego na rzecz Os\u00f3b Starszych \u201eAktywni+\u201d na lata 2021\u20132025. Film nosi nazw\u0119 &#8222;Aktywni w ka\u017cdym wieku&#8221; i prezentuje wiele zaskakuj\u0105cych oblicz wieku senioralnego. Pokazuje, \u017ce staro\u015b\u0107 to: aktywno\u015b\u0107, nowoczesno\u015b\u0107, rado\u015b\u0107, przyja\u017a\u0144 i mi\u0142o\u015b\u0107. Mo\u017cna by wiele pisa\u0107 na temat &hellip; <\/p>\n<p class=\"link-more\"><a href=\"https:\/\/perspektywa.olsztyn.pl\/index.php\/filmy\/\" class=\"more-link\">Czytaj dalej<span class=\"screen-reader-text\"> \u201eFilm\u201d<\/span><\/a><\/p>\n","protected":false},"author":1,"featured_media":0,"parent":0,"menu_order":0,"comment_status":"closed","ping_status":"closed","template":"","meta":{"footnotes":""},"class_list":["post-181","page","type-page","status-publish","hentry"],"_links":{"self":[{"href":"https:\/\/perspektywa.olsztyn.pl\/index.php\/wp-json\/wp\/v2\/pages\/181","targetHints":{"allow":["GET"]}}],"collection":[{"href":"https:\/\/perspektywa.olsztyn.pl\/index.php\/wp-json\/wp\/v2\/pages"}],"about":[{"href":"https:\/\/perspektywa.olsztyn.pl\/index.php\/wp-json\/wp\/v2\/types\/page"}],"author":[{"embeddable":true,"href":"https:\/\/perspektywa.olsztyn.pl\/index.php\/wp-json\/wp\/v2\/users\/1"}],"replies":[{"embeddable":true,"href":"https:\/\/perspektywa.olsztyn.pl\/index.php\/wp-json\/wp\/v2\/comments?post=181"}],"version-history":[{"count":4,"href":"https:\/\/perspektywa.olsztyn.pl\/index.php\/wp-json\/wp\/v2\/pages\/181\/revisions"}],"predecessor-version":[{"id":189,"href":"https:\/\/perspektywa.olsztyn.pl\/index.php\/wp-json\/wp\/v2\/pages\/181\/revisions\/189"}],"wp:attachment":[{"href":"https:\/\/perspektywa.olsztyn.pl\/index.php\/wp-json\/wp\/v2\/media?parent=181"}],"curies":[{"name":"wp","href":"https:\/\/api.w.org\/{rel}","templated":true}]}}