{"id":165,"date":"2021-12-15T07:14:29","date_gmt":"2021-12-15T07:14:29","guid":{"rendered":"https:\/\/perspektywa.olsztyn.pl\/?page_id=165"},"modified":"2024-02-21T13:04:00","modified_gmt":"2024-02-21T13:04:00","slug":"artykuly","status":"publish","type":"page","link":"https:\/\/perspektywa.olsztyn.pl\/index.php\/blog\/aktywni-2021\/artykuly\/","title":{"rendered":"Artyku\u0142y"},"content":{"rendered":"\n<p>Rok 2021 ko\u0144czymy projektem, kt\u00f3ry w g\u0142\u00f3wnej mierze wspiera\u0142 Senior\u00f3w i kszta\u0142towa\u0142 ich pozytywny wizerunek w spo\u0142ecze\u0144stwie. Zdecydowanie przy wsp\u00f3\u0142pracy z wieloma wspania\u0142ymi Seniorami nam si\u0119 to uda\u0142o!<\/p>\n\n\n\n<p>W ramach projektu seniorzy pod superwizj\u0105 redaktor  Gazety Olszty\u0144skiej Magdaleny Marii Bukowieckiej stworzyli seri\u0119 artyku\u0142\u00f3w promuj\u0105cych aktywno\u015b\u0107 senior\u00f3w ale nie tylko. Dzi\u0119ki artyku\u0142om, ka\u017cdy kto mia\u0142 negatywne podej\u015bcie do okresu staro\u015bci mia\u0142 szans\u0119 pozna\u0107 ten wiek z du\u017co lepszej perspektywy. Ludzie starsi i ich aktywno\u015b\u0107 dzi\u0119ki promocji w Gazecie Olszty\u0144skiej zaskarbili sobie sympati\u0119 wielu oraz odczarowali stereotypowe podej\u015bcie do staro\u015bci. Wspomniane artyku\u0142y dost\u0119pne s\u0105 poni\u017cej.<\/p>\n\n\n\n<figure class=\"wp-block-image size-large\"><img loading=\"lazy\" decoding=\"async\" width=\"1024\" height=\"557\" src=\"https:\/\/perspektywa.olsztyn.pl\/wp-content\/uploads\/2021\/12\/art-1-1024x557.jpg\" alt=\"\" class=\"wp-image-142\" srcset=\"https:\/\/perspektywa.olsztyn.pl\/wp-content\/uploads\/2021\/12\/art-1-1024x557.jpg 1024w, https:\/\/perspektywa.olsztyn.pl\/wp-content\/uploads\/2021\/12\/art-1-300x163.jpg 300w, https:\/\/perspektywa.olsztyn.pl\/wp-content\/uploads\/2021\/12\/art-1-768x417.jpg 768w, https:\/\/perspektywa.olsztyn.pl\/wp-content\/uploads\/2021\/12\/art-1-1536x835.jpg 1536w, https:\/\/perspektywa.olsztyn.pl\/wp-content\/uploads\/2021\/12\/art-1-2048x1113.jpg 2048w\" sizes=\"auto, (max-width: 767px) 89vw, (max-width: 1000px) 54vw, (max-width: 1071px) 543px, 580px\" \/><\/figure>\n\n\n\n<figure class=\"wp-block-image size-large\"><img loading=\"lazy\" decoding=\"async\" width=\"1024\" height=\"585\" src=\"https:\/\/perspektywa.olsztyn.pl\/wp-content\/uploads\/2021\/12\/0001-1024x585.jpg\" alt=\"\" class=\"wp-image-144\" srcset=\"https:\/\/perspektywa.olsztyn.pl\/wp-content\/uploads\/2021\/12\/0001-1024x585.jpg 1024w, https:\/\/perspektywa.olsztyn.pl\/wp-content\/uploads\/2021\/12\/0001-300x171.jpg 300w, https:\/\/perspektywa.olsztyn.pl\/wp-content\/uploads\/2021\/12\/0001-768x439.jpg 768w, https:\/\/perspektywa.olsztyn.pl\/wp-content\/uploads\/2021\/12\/0001-1536x877.jpg 1536w, https:\/\/perspektywa.olsztyn.pl\/wp-content\/uploads\/2021\/12\/0001-2048x1170.jpg 2048w\" sizes=\"auto, (max-width: 767px) 89vw, (max-width: 1000px) 54vw, (max-width: 1071px) 543px, 580px\" \/><\/figure>\n\n\n\n<figure class=\"wp-block-image size-large\"><img loading=\"lazy\" decoding=\"async\" width=\"1024\" height=\"585\" src=\"https:\/\/perspektywa.olsztyn.pl\/wp-content\/uploads\/2021\/12\/108221otbr-C_PRZED_KOREKTA-1-1024x585.jpg\" alt=\"\" class=\"wp-image-143\" srcset=\"https:\/\/perspektywa.olsztyn.pl\/wp-content\/uploads\/2021\/12\/108221otbr-C_PRZED_KOREKTA-1-1024x585.jpg 1024w, https:\/\/perspektywa.olsztyn.pl\/wp-content\/uploads\/2021\/12\/108221otbr-C_PRZED_KOREKTA-1-300x171.jpg 300w, https:\/\/perspektywa.olsztyn.pl\/wp-content\/uploads\/2021\/12\/108221otbr-C_PRZED_KOREKTA-1-768x439.jpg 768w, https:\/\/perspektywa.olsztyn.pl\/wp-content\/uploads\/2021\/12\/108221otbr-C_PRZED_KOREKTA-1-1536x878.jpg 1536w, https:\/\/perspektywa.olsztyn.pl\/wp-content\/uploads\/2021\/12\/108221otbr-C_PRZED_KOREKTA-1.jpg 2048w\" sizes=\"auto, (max-width: 767px) 89vw, (max-width: 1000px) 54vw, (max-width: 1071px) 543px, 580px\" \/><\/figure>\n","protected":false},"excerpt":{"rendered":"<p>Rok 2021 ko\u0144czymy projektem, kt\u00f3ry w g\u0142\u00f3wnej mierze wspiera\u0142 Senior\u00f3w i kszta\u0142towa\u0142 ich pozytywny wizerunek w spo\u0142ecze\u0144stwie. Zdecydowanie przy wsp\u00f3\u0142pracy z wieloma wspania\u0142ymi Seniorami nam si\u0119 to uda\u0142o! W ramach projektu seniorzy pod superwizj\u0105 redaktor Gazety Olszty\u0144skiej Magdaleny Marii Bukowieckiej stworzyli seri\u0119 artyku\u0142\u00f3w promuj\u0105cych aktywno\u015b\u0107 senior\u00f3w ale nie tylko. Dzi\u0119ki artyku\u0142om, ka\u017cdy kto mia\u0142 negatywne &hellip; <\/p>\n<p class=\"link-more\"><a href=\"https:\/\/perspektywa.olsztyn.pl\/index.php\/blog\/aktywni-2021\/artykuly\/\" class=\"more-link\">Czytaj dalej<span class=\"screen-reader-text\"> \u201eArtyku\u0142y\u201d<\/span><\/a><\/p>\n","protected":false},"author":1,"featured_media":0,"parent":155,"menu_order":1,"comment_status":"closed","ping_status":"closed","template":"","meta":{"footnotes":""},"class_list":["post-165","page","type-page","status-publish","hentry"],"_links":{"self":[{"href":"https:\/\/perspektywa.olsztyn.pl\/index.php\/wp-json\/wp\/v2\/pages\/165","targetHints":{"allow":["GET"]}}],"collection":[{"href":"https:\/\/perspektywa.olsztyn.pl\/index.php\/wp-json\/wp\/v2\/pages"}],"about":[{"href":"https:\/\/perspektywa.olsztyn.pl\/index.php\/wp-json\/wp\/v2\/types\/page"}],"author":[{"embeddable":true,"href":"https:\/\/perspektywa.olsztyn.pl\/index.php\/wp-json\/wp\/v2\/users\/1"}],"replies":[{"embeddable":true,"href":"https:\/\/perspektywa.olsztyn.pl\/index.php\/wp-json\/wp\/v2\/comments?post=165"}],"version-history":[{"count":7,"href":"https:\/\/perspektywa.olsztyn.pl\/index.php\/wp-json\/wp\/v2\/pages\/165\/revisions"}],"predecessor-version":[{"id":1425,"href":"https:\/\/perspektywa.olsztyn.pl\/index.php\/wp-json\/wp\/v2\/pages\/165\/revisions\/1425"}],"up":[{"embeddable":true,"href":"https:\/\/perspektywa.olsztyn.pl\/index.php\/wp-json\/wp\/v2\/pages\/155"}],"wp:attachment":[{"href":"https:\/\/perspektywa.olsztyn.pl\/index.php\/wp-json\/wp\/v2\/media?parent=165"}],"curies":[{"name":"wp","href":"https:\/\/api.w.org\/{rel}","templated":true}]}}