{"id":1618,"date":"2024-08-04T16:36:58","date_gmt":"2024-08-04T16:36:58","guid":{"rendered":"https:\/\/perspektywa.olsztyn.pl\/?page_id=1618"},"modified":"2025-01-23T23:54:34","modified_gmt":"2025-01-23T23:54:34","slug":"multimedia","status":"publish","type":"page","link":"https:\/\/perspektywa.olsztyn.pl\/index.php\/multimedia\/","title":{"rendered":"Multimedia"},"content":{"rendered":"\n<div data-wp-interactive=\"core\/file\" class=\"wp-block-file\"><object data-wp-bind--hidden=\"!state.hasPdfPreview\" hidden class=\"wp-block-file__embed\" data=\"https:\/\/perspektywa.olsztyn.pl\/wp-content\/uploads\/2024\/10\/Kampania-material-1.pdf\" type=\"application\/pdf\" style=\"width:100%;height:600px\" aria-label=\"Osadzone z Kampania spo\u0142eczna_Wsp\u00f3\u0142praca pop\u0142aca_materia\u0142_1_pdf.\"><\/object><a id=\"wp-block-file--media-80d51b3a-8bd6-48bf-9de2-f3bc4bce395b\" href=\"https:\/\/perspektywa.olsztyn.pl\/wp-content\/uploads\/2024\/10\/Kampania-material-1.pdf\">Kampania spo\u0142eczna_Wsp\u00f3\u0142praca pop\u0142aca_materia\u0142_1_pdf<\/a><a href=\"https:\/\/perspektywa.olsztyn.pl\/wp-content\/uploads\/2024\/10\/Kampania-material-1.pdf\" class=\"wp-block-file__button wp-element-button\" download aria-describedby=\"wp-block-file--media-80d51b3a-8bd6-48bf-9de2-f3bc4bce395b\">Pobierz<\/a><\/div>\n\n\n\n<div data-wp-interactive=\"core\/file\" class=\"wp-block-file\"><object data-wp-bind--hidden=\"!state.hasPdfPreview\" hidden class=\"wp-block-file__embed\" data=\"https:\/\/perspektywa.olsztyn.pl\/wp-content\/uploads\/2024\/10\/Kampania-material-2.pdf\" type=\"application\/pdf\" style=\"width:100%;height:600px\" aria-label=\"Osadzone z Kampania spo\u0142eczna_Wsp\u00f3\u0142praca pop\u0142aca_materia\u0142_2_pdf.\"><\/object><a id=\"wp-block-file--media-e13621aa-6cbb-4056-9d84-5fcdafd85b54\" href=\"https:\/\/perspektywa.olsztyn.pl\/wp-content\/uploads\/2024\/10\/Kampania-material-2.pdf\">Kampania spo\u0142eczna_Wsp\u00f3\u0142praca pop\u0142aca_materia\u0142_2_pdf<\/a><a href=\"https:\/\/perspektywa.olsztyn.pl\/wp-content\/uploads\/2024\/10\/Kampania-material-2.pdf\" class=\"wp-block-file__button wp-element-button\" download aria-describedby=\"wp-block-file--media-e13621aa-6cbb-4056-9d84-5fcdafd85b54\">Pobierz<\/a><\/div>\n\n\n\n<div data-wp-interactive=\"core\/file\" class=\"wp-block-file\"><object data-wp-bind--hidden=\"!state.hasPdfPreview\" hidden class=\"wp-block-file__embed\" data=\"https:\/\/perspektywa.olsztyn.pl\/wp-content\/uploads\/2024\/10\/Plakat-A3-Kampania-spoleczna.pdf\" type=\"application\/pdf\" style=\"width:100%;height:600px\" aria-label=\"Osadzone z Plakat A3 - Kampania spoleczna.\"><\/object><a id=\"wp-block-file--media-38d2fb80-82a3-4b0f-89ea-48adcd22c746\" href=\"https:\/\/perspektywa.olsztyn.pl\/wp-content\/uploads\/2024\/10\/Plakat-A3-Kampania-spoleczna.pdf\">Plakat A3 &#8211; Kampania spoleczna<\/a><a href=\"https:\/\/perspektywa.olsztyn.pl\/wp-content\/uploads\/2024\/10\/Plakat-A3-Kampania-spoleczna.pdf\" class=\"wp-block-file__button wp-element-button\" download aria-describedby=\"wp-block-file--media-38d2fb80-82a3-4b0f-89ea-48adcd22c746\">Pobierz<\/a><\/div>\n\n\n\n<div data-wp-interactive=\"core\/file\" class=\"wp-block-file\"><object data-wp-bind--hidden=\"!state.hasPdfPreview\" hidden class=\"wp-block-file__embed\" data=\"https:\/\/perspektywa.olsztyn.pl\/wp-content\/uploads\/2025\/01\/Kampania-spoleczna_Wspolpraca-poplaca_material_3_pdf.pdf\" type=\"application\/pdf\" style=\"width:100%;height:600px\" aria-label=\"Osadzone z Kampania spo\u0142eczna_Wspo\u0301\u0142praca pop\u0142aca_materia\u0142_3_pdf.\"><\/object><a id=\"wp-block-file--media-3bd716c6-7179-4227-95b3-94500aeafba9\" href=\"https:\/\/perspektywa.olsztyn.pl\/wp-content\/uploads\/2025\/01\/Kampania-spoleczna_Wspolpraca-poplaca_material_3_pdf.pdf\">Kampania spo\u0142eczna_Wspo\u0301\u0142praca pop\u0142aca_materia\u0142_3_pdf<\/a><a href=\"https:\/\/perspektywa.olsztyn.pl\/wp-content\/uploads\/2025\/01\/Kampania-spoleczna_Wspolpraca-poplaca_material_3_pdf.pdf\" class=\"wp-block-file__button wp-element-button\" download aria-describedby=\"wp-block-file--media-3bd716c6-7179-4227-95b3-94500aeafba9\">Pobierz<\/a><\/div>\n\n\n\n<div data-wp-interactive=\"core\/file\" class=\"wp-block-file\"><object data-wp-bind--hidden=\"!state.hasPdfPreview\" hidden class=\"wp-block-file__embed\" data=\"https:\/\/perspektywa.olsztyn.pl\/wp-content\/uploads\/2024\/10\/Ulotka-Kampania-spoleczna-wspolpraca-poplaca-1.pdf\" type=\"application\/pdf\" style=\"width:100%;height:600px\" aria-label=\"Osadzone z Ulotka_Kampania spo\u0142eczna_Wsp\u00f3\u0142praca pop\u0142aca.\"><\/object><a id=\"wp-block-file--media-b47c1796-6929-4b59-97ca-8c0fc0d0b6a4\" href=\"https:\/\/perspektywa.olsztyn.pl\/wp-content\/uploads\/2024\/10\/Ulotka-Kampania-spoleczna-wspolpraca-poplaca-1.pdf\">Ulotka_Kampania spo\u0142eczna_Wsp\u00f3\u0142praca pop\u0142aca<\/a><a href=\"https:\/\/perspektywa.olsztyn.pl\/wp-content\/uploads\/2024\/10\/Ulotka-Kampania-spoleczna-wspolpraca-poplaca-1.pdf\" class=\"wp-block-file__button wp-element-button\" download aria-describedby=\"wp-block-file--media-b47c1796-6929-4b59-97ca-8c0fc0d0b6a4\">Pobierz<\/a><\/div>\n\n\n\n<p><\/p>\n","protected":false},"excerpt":{"rendered":"","protected":false},"author":1,"featured_media":0,"parent":0,"menu_order":0,"comment_status":"closed","ping_status":"closed","template":"","meta":{"footnotes":""},"class_list":["post-1618","page","type-page","status-publish","hentry"],"_links":{"self":[{"href":"https:\/\/perspektywa.olsztyn.pl\/index.php\/wp-json\/wp\/v2\/pages\/1618","targetHints":{"allow":["GET"]}}],"collection":[{"href":"https:\/\/perspektywa.olsztyn.pl\/index.php\/wp-json\/wp\/v2\/pages"}],"about":[{"href":"https:\/\/perspektywa.olsztyn.pl\/index.php\/wp-json\/wp\/v2\/types\/page"}],"author":[{"embeddable":true,"href":"https:\/\/perspektywa.olsztyn.pl\/index.php\/wp-json\/wp\/v2\/users\/1"}],"replies":[{"embeddable":true,"href":"https:\/\/perspektywa.olsztyn.pl\/index.php\/wp-json\/wp\/v2\/comments?post=1618"}],"version-history":[{"count":6,"href":"https:\/\/perspektywa.olsztyn.pl\/index.php\/wp-json\/wp\/v2\/pages\/1618\/revisions"}],"predecessor-version":[{"id":1739,"href":"https:\/\/perspektywa.olsztyn.pl\/index.php\/wp-json\/wp\/v2\/pages\/1618\/revisions\/1739"}],"wp:attachment":[{"href":"https:\/\/perspektywa.olsztyn.pl\/index.php\/wp-json\/wp\/v2\/media?parent=1618"}],"curies":[{"name":"wp","href":"https:\/\/api.w.org\/{rel}","templated":true}]}}