{"id":1616,"date":"2024-07-04T16:36:58","date_gmt":"2024-07-04T16:36:58","guid":{"rendered":"https:\/\/perspektywa.olsztyn.pl\/?page_id=1616"},"modified":"2024-09-04T17:45:57","modified_gmt":"2024-09-04T17:45:57","slug":"rekrutacja","status":"publish","type":"page","link":"https:\/\/perspektywa.olsztyn.pl\/index.php\/rekrutacja\/","title":{"rendered":"Rekrutacja"},"content":{"rendered":"\n<div data-wp-interactive=\"core\/file\" class=\"wp-block-file\"><object data-wp-bind--hidden=\"!state.hasPdfPreview\" hidden class=\"wp-block-file__embed\" data=\"https:\/\/perspektywa.olsztyn.pl\/wp-content\/uploads\/2024\/09\/Wspolpraca-poplaca-rekrutacja-tablica-informacyjna.pdf\" type=\"application\/pdf\" style=\"width:100%;height:600px\" aria-label=\"Osadzone z Aktywni+ \/ Wsp\u00f3\u0142praca pop\u0142aca: rekrutacja_tablica informacyjna.\"><\/object><a id=\"wp-block-file--media-b3919fdd-68b6-4e06-be6a-f1aae0065904\" href=\"https:\/\/perspektywa.olsztyn.pl\/wp-content\/uploads\/2024\/09\/Wspolpraca-poplaca-rekrutacja-tablica-informacyjna.pdf\">Aktywni+ \/ Wsp\u00f3\u0142praca pop\u0142aca: rekrutacja_tablica informacyjna<\/a><a href=\"https:\/\/perspektywa.olsztyn.pl\/wp-content\/uploads\/2024\/09\/Wspolpraca-poplaca-rekrutacja-tablica-informacyjna.pdf\" class=\"wp-block-file__button wp-element-button\" download aria-describedby=\"wp-block-file--media-b3919fdd-68b6-4e06-be6a-f1aae0065904\">Pobierz<\/a><\/div>\n\n\n\n<p><\/p>\n\n\n\n<p><\/p>\n\n\n\n<p>INFORMACJA O ZAKO\u0143CZENIU REKRUTACJI<\/p>\n\n\n\n<div data-wp-interactive=\"core\/file\" class=\"wp-block-file\"><object data-wp-bind--hidden=\"!state.hasPdfPreview\" hidden class=\"wp-block-file__embed\" data=\"https:\/\/perspektywa.olsztyn.pl\/wp-content\/uploads\/2024\/09\/Info-o-zakonnczonej-rekrutacji-Wspolpraca-poplaca.pdf\" type=\"application\/pdf\" style=\"width:100%;height:950px\" aria-label=\"Osadzone z Informacja o zakon\u0301czonej rekrutacji_Aktywni+_Wsp\u00f3\u0142praca pop\u0142aca.\"><\/object><a id=\"wp-block-file--media-7c7972f1-6220-438f-9c61-c83c35b5b4bc\" href=\"https:\/\/perspektywa.olsztyn.pl\/wp-content\/uploads\/2024\/09\/Info-o-zakonnczonej-rekrutacji-Wspolpraca-poplaca.pdf\">Informacja o zakon\u0301czonej rekrutacji_Aktywni+_Wsp\u00f3\u0142praca pop\u0142aca<\/a><a href=\"https:\/\/perspektywa.olsztyn.pl\/wp-content\/uploads\/2024\/09\/Info-o-zakonnczonej-rekrutacji-Wspolpraca-poplaca.pdf\" class=\"wp-block-file__button wp-element-button\" download aria-describedby=\"wp-block-file--media-7c7972f1-6220-438f-9c61-c83c35b5b4bc\">Pobierz<\/a><\/div>\n","protected":false},"excerpt":{"rendered":"<p>INFORMACJA O ZAKO\u0143CZENIU REKRUTACJI<\/p>\n","protected":false},"author":1,"featured_media":0,"parent":0,"menu_order":0,"comment_status":"closed","ping_status":"closed","template":"","meta":{"footnotes":""},"class_list":["post-1616","page","type-page","status-publish","hentry"],"_links":{"self":[{"href":"https:\/\/perspektywa.olsztyn.pl\/index.php\/wp-json\/wp\/v2\/pages\/1616","targetHints":{"allow":["GET"]}}],"collection":[{"href":"https:\/\/perspektywa.olsztyn.pl\/index.php\/wp-json\/wp\/v2\/pages"}],"about":[{"href":"https:\/\/perspektywa.olsztyn.pl\/index.php\/wp-json\/wp\/v2\/types\/page"}],"author":[{"embeddable":true,"href":"https:\/\/perspektywa.olsztyn.pl\/index.php\/wp-json\/wp\/v2\/users\/1"}],"replies":[{"embeddable":true,"href":"https:\/\/perspektywa.olsztyn.pl\/index.php\/wp-json\/wp\/v2\/comments?post=1616"}],"version-history":[{"count":4,"href":"https:\/\/perspektywa.olsztyn.pl\/index.php\/wp-json\/wp\/v2\/pages\/1616\/revisions"}],"predecessor-version":[{"id":1653,"href":"https:\/\/perspektywa.olsztyn.pl\/index.php\/wp-json\/wp\/v2\/pages\/1616\/revisions\/1653"}],"wp:attachment":[{"href":"https:\/\/perspektywa.olsztyn.pl\/index.php\/wp-json\/wp\/v2\/media?parent=1616"}],"curies":[{"name":"wp","href":"https:\/\/api.w.org\/{rel}","templated":true}]}}