{"id":1615,"date":"2024-08-04T16:36:58","date_gmt":"2024-08-04T16:36:58","guid":{"rendered":"https:\/\/perspektywa.olsztyn.pl\/?page_id=1615"},"modified":"2025-01-23T23:47:33","modified_gmt":"2025-01-23T23:47:33","slug":"harmonogram","status":"publish","type":"page","link":"https:\/\/perspektywa.olsztyn.pl\/index.php\/harmonogram\/","title":{"rendered":"Harmonogram"},"content":{"rendered":"\n<div data-wp-interactive=\"core\/file\" class=\"wp-block-file\"><object data-wp-bind--hidden=\"!state.hasPdfPreview\" hidden class=\"wp-block-file__embed\" data=\"https:\/\/perspektywa.olsztyn.pl\/wp-content\/uploads\/2025\/01\/Harmonogram-strona-www-grudzien.pdf\" type=\"application\/pdf\" style=\"width:100%;height:600px\" aria-label=\"Osadzone z Harmonogram strona www-grudzien\u0301.\"><\/object><a id=\"wp-block-file--media-73a40c0e-1351-47a0-9ad2-965044aa4226\" href=\"https:\/\/perspektywa.olsztyn.pl\/wp-content\/uploads\/2025\/01\/Harmonogram-strona-www-grudzien.pdf\">Harmonogram strona www-grudzien\u0301<\/a><a href=\"https:\/\/perspektywa.olsztyn.pl\/wp-content\/uploads\/2025\/01\/Harmonogram-strona-www-grudzien.pdf\" class=\"wp-block-file__button wp-element-button\" download aria-describedby=\"wp-block-file--media-73a40c0e-1351-47a0-9ad2-965044aa4226\">Pobierz<\/a><\/div>\n\n\n\n<div data-wp-interactive=\"core\/file\" class=\"wp-block-file\"><object data-wp-bind--hidden=\"!state.hasPdfPreview\" hidden class=\"wp-block-file__embed\" data=\"https:\/\/perspektywa.olsztyn.pl\/wp-content\/uploads\/2024\/11\/Harmonogram-strona-www-pazdziernik.pdf\" type=\"application\/pdf\" style=\"width:100%;height:600px\" aria-label=\"Osadzone z Harmonogram_10.2024_Aktywni+_Wsp\u00f3\u0142praca pop\u0142aca.\"><\/object><a id=\"wp-block-file--media-2e4a7294-a32a-4a4d-9e81-e83849790f11\" href=\"https:\/\/perspektywa.olsztyn.pl\/wp-content\/uploads\/2024\/11\/Harmonogram-strona-www-pazdziernik.pdf\">Harmonogram_10.2024_Aktywni+_Wsp\u00f3\u0142praca pop\u0142aca<\/a><a href=\"https:\/\/perspektywa.olsztyn.pl\/wp-content\/uploads\/2024\/11\/Harmonogram-strona-www-pazdziernik.pdf\" class=\"wp-block-file__button wp-element-button\" download aria-describedby=\"wp-block-file--media-2e4a7294-a32a-4a4d-9e81-e83849790f11\">Pobierz<\/a><\/div>\n\n\n\n<div data-wp-interactive=\"core\/file\" class=\"wp-block-file\"><object data-wp-bind--hidden=\"!state.hasPdfPreview\" hidden class=\"wp-block-file__embed\" data=\"https:\/\/perspektywa.olsztyn.pl\/wp-content\/uploads\/2024\/10\/Harmonogram-strona-www-wrzesien.pdf\" type=\"application\/pdf\" style=\"width:100%;height:600px\" aria-label=\"Osadzone z Harmonogram_09.2024_Aktywni+_Wsp\u00f3\u0142praca pop\u0142aca.\"><\/object><a id=\"wp-block-file--media-79dbec90-b3f6-4cfc-a6ba-c7e031b322c4\" href=\"https:\/\/perspektywa.olsztyn.pl\/wp-content\/uploads\/2024\/10\/Harmonogram-strona-www-wrzesien.pdf\">Harmonogram_09.2024_Aktywni+_Wsp\u00f3\u0142praca pop\u0142aca<\/a><a href=\"https:\/\/perspektywa.olsztyn.pl\/wp-content\/uploads\/2024\/10\/Harmonogram-strona-www-wrzesien.pdf\" class=\"wp-block-file__button wp-element-button\" download aria-describedby=\"wp-block-file--media-79dbec90-b3f6-4cfc-a6ba-c7e031b322c4\">Pobierz<\/a><\/div>\n\n\n\n<div data-wp-interactive=\"core\/file\" class=\"wp-block-file\"><object data-wp-bind--hidden=\"!state.hasPdfPreview\" hidden class=\"wp-block-file__embed\" data=\"https:\/\/perspektywa.olsztyn.pl\/wp-content\/uploads\/2024\/09\/Harmonogram-strona-www-sierpien.pdf\" type=\"application\/pdf\" style=\"width:100%;height:600px\" aria-label=\"Osadzone z Harmonogram_08.2024_Aktywni+_Wsp\u00f3\u0142praca pop\u0142aca.\"><\/object><a id=\"wp-block-file--media-60bba537-35f5-4f02-b349-c80d04375d31\" href=\"https:\/\/perspektywa.olsztyn.pl\/wp-content\/uploads\/2024\/09\/Harmonogram-strona-www-sierpien.pdf\">Harmonogram_08.2024_Aktywni+_Wsp\u00f3\u0142praca pop\u0142aca<\/a><a href=\"https:\/\/perspektywa.olsztyn.pl\/wp-content\/uploads\/2024\/09\/Harmonogram-strona-www-sierpien.pdf\" class=\"wp-block-file__button wp-element-button\" download aria-describedby=\"wp-block-file--media-60bba537-35f5-4f02-b349-c80d04375d31\">Pobierz<\/a><\/div>\n","protected":false},"excerpt":{"rendered":"","protected":false},"author":1,"featured_media":0,"parent":0,"menu_order":0,"comment_status":"closed","ping_status":"closed","template":"","meta":{"footnotes":""},"class_list":["post-1615","page","type-page","status-publish","hentry"],"_links":{"self":[{"href":"https:\/\/perspektywa.olsztyn.pl\/index.php\/wp-json\/wp\/v2\/pages\/1615","targetHints":{"allow":["GET"]}}],"collection":[{"href":"https:\/\/perspektywa.olsztyn.pl\/index.php\/wp-json\/wp\/v2\/pages"}],"about":[{"href":"https:\/\/perspektywa.olsztyn.pl\/index.php\/wp-json\/wp\/v2\/types\/page"}],"author":[{"embeddable":true,"href":"https:\/\/perspektywa.olsztyn.pl\/index.php\/wp-json\/wp\/v2\/users\/1"}],"replies":[{"embeddable":true,"href":"https:\/\/perspektywa.olsztyn.pl\/index.php\/wp-json\/wp\/v2\/comments?post=1615"}],"version-history":[{"count":5,"href":"https:\/\/perspektywa.olsztyn.pl\/index.php\/wp-json\/wp\/v2\/pages\/1615\/revisions"}],"predecessor-version":[{"id":1731,"href":"https:\/\/perspektywa.olsztyn.pl\/index.php\/wp-json\/wp\/v2\/pages\/1615\/revisions\/1731"}],"wp:attachment":[{"href":"https:\/\/perspektywa.olsztyn.pl\/index.php\/wp-json\/wp\/v2\/media?parent=1615"}],"curies":[{"name":"wp","href":"https:\/\/api.w.org\/{rel}","templated":true}]}}