{"id":1597,"date":"2024-08-04T16:30:56","date_gmt":"2024-08-04T16:30:56","guid":{"rendered":"https:\/\/perspektywa.olsztyn.pl\/?page_id=1597"},"modified":"2024-09-23T17:40:43","modified_gmt":"2024-09-23T17:40:43","slug":"informacje-o-projekcie","status":"publish","type":"page","link":"https:\/\/perspektywa.olsztyn.pl\/index.php\/informacje-o-projekcie\/","title":{"rendered":"Informacje o projekcie"},"content":{"rendered":"\n<figure class=\"wp-block-image size-large is-resized\"><img loading=\"lazy\" decoding=\"async\" width=\"724\" height=\"1024\" src=\"https:\/\/perspektywa.olsztyn.pl\/wp-content\/uploads\/2024\/09\/Projekt-bez-nazwy-1-obrazy-0-724x1024.jpg\" alt=\"\" class=\"wp-image-1654\" style=\"width:674px;height:auto\" srcset=\"https:\/\/perspektywa.olsztyn.pl\/wp-content\/uploads\/2024\/09\/Projekt-bez-nazwy-1-obrazy-0-724x1024.jpg 724w, https:\/\/perspektywa.olsztyn.pl\/wp-content\/uploads\/2024\/09\/Projekt-bez-nazwy-1-obrazy-0-212x300.jpg 212w, https:\/\/perspektywa.olsztyn.pl\/wp-content\/uploads\/2024\/09\/Projekt-bez-nazwy-1-obrazy-0-768x1086.jpg 768w, https:\/\/perspektywa.olsztyn.pl\/wp-content\/uploads\/2024\/09\/Projekt-bez-nazwy-1-obrazy-0-1086x1536.jpg 1086w, https:\/\/perspektywa.olsztyn.pl\/wp-content\/uploads\/2024\/09\/Projekt-bez-nazwy-1-obrazy-0-1449x2048.jpg 1449w, https:\/\/perspektywa.olsztyn.pl\/wp-content\/uploads\/2024\/09\/Projekt-bez-nazwy-1-obrazy-0-scaled.jpg 1811w\" sizes=\"auto, (max-width: 724px) 100vw, 724px\" \/><\/figure>\n\n\n\n<figure class=\"wp-block-image size-large\"><img loading=\"lazy\" decoding=\"async\" width=\"1024\" height=\"200\" src=\"https:\/\/perspektywa.olsztyn.pl\/wp-content\/uploads\/2024\/09\/Zrzut-ekranu-2024-09-5-o-12.10.22-1024x200.png\" alt=\"\" class=\"wp-image-1659\" srcset=\"https:\/\/perspektywa.olsztyn.pl\/wp-content\/uploads\/2024\/09\/Zrzut-ekranu-2024-09-5-o-12.10.22-1024x200.png 1024w, https:\/\/perspektywa.olsztyn.pl\/wp-content\/uploads\/2024\/09\/Zrzut-ekranu-2024-09-5-o-12.10.22-300x59.png 300w, https:\/\/perspektywa.olsztyn.pl\/wp-content\/uploads\/2024\/09\/Zrzut-ekranu-2024-09-5-o-12.10.22-768x150.png 768w, https:\/\/perspektywa.olsztyn.pl\/wp-content\/uploads\/2024\/09\/Zrzut-ekranu-2024-09-5-o-12.10.22.png 1342w\" sizes=\"auto, (max-width: 767px) 89vw, (max-width: 1000px) 54vw, (max-width: 1071px) 543px, 580px\" \/><\/figure>\n\n\n\n<p>Projekt \u201eWsp\u00f3\u0142praca pop\u0142aca!\u201d dofinansowany ze \u015brodk\u00f3w rz\u0105dowego programu wieloletniego na rzecz Os\u00f3b Starszych \u201eAktywni+\u201d na lata 2021\u20132025<\/p>\n\n\n\n<p>Uczestnicy: 48 senior\u00f3w i 16 os\u00f3b m\u0142odszych (od 10 do 59 roku \u017cycia) z terenu Olsztyna\/pow. olszty\u0144skiego<\/p>\n\n\n\n<p>Czas: od 1 lipca 2024 r. do 31 grudnia 2024 r.<\/p>\n\n\n\n<p>Warto\u015b\u0107 dofinansowania: 197 220.00 z\u0142<\/p>\n\n\n\n<p>Ca\u0142kowita warto\u015b\u0107 inwestycji: 220 220.00 z\u0142<\/p>\n\n\n\n<p>Cele projektu pt. Wsp\u00f3\u0142praca pop\u0142aca!:<\/p>\n\n\n\n<ul class=\"wp-block-list\">\n<li>wzrost wiedzy i umiej\u0119tno\u015bci w zakresie dbania o w\u0142asne bezpiecze\u0144stwo,<\/li>\n\n\n\n<li>budowanie trwa\u0142ych relacji mi\u0119dzypokoleniowych<\/li>\n\n\n\n<li>budowanie pozytywnego wizerunku<\/li>\n<\/ul>\n\n\n\n<p>W projekcie \u201eWsp\u00f3\u0142praca pop\u0142aca!\u201d przewidziano nast\u0119puj\u0105ce aktywno\u015bci:<\/p>\n\n\n\n<p>W ramach WARSZTAT\u00d3W ZWI\u0118KSZAJ\u0104CYCH BEZPIECZE\u0143STWO SENIOR\u00d3W odb\u0119dzie si\u0119:<\/p>\n\n\n\n<ul class=\"wp-block-list\">\n<li>32 h warsztat\u00f3w z ratownikiem medycznym;<\/li>\n\n\n\n<li>32 h warsztat\u00f3w z Policj\u0105;<\/li>\n\n\n\n<li>128 h zaj\u0119\u0107 dot. propagowania zdrowego stylu \u017cycia;<\/li>\n\n\n\n<li>32 h z samoobrony dla starszych;<\/li>\n\n\n\n<li>192 h zaj\u0119\u0107 z prawnikiem;<\/li>\n\n\n\n<li>144 h indywidualnych porad psychologicznych.<\/li>\n<\/ul>\n\n\n\n<p>W ramach MI\u0118DZYPOKOLENIOWYCH WARSZTAT\u00d3W WZMACNIAJ\u0104CYCH RELACJE odb\u0119dzie si\u0119:<\/p>\n\n\n\n<ul class=\"wp-block-list\">\n<li>32 h warsztat\u00f3w florystycznych;<\/li>\n\n\n\n<li>32 h warsztat\u00f3w manualnych, kreatywnych, r\u0119kodzielniczych;<\/li>\n\n\n\n<li>32 h warsztat\u00f3w tworzenia kosmetyk\u00f3w z naturalnych, ekologicznych komponent\u00f3w.<\/li>\n<\/ul>\n\n\n\n<p>W ramach WARSZTAT\u00d3W ZWI\u0118KSZAJ\u0104CYCH POZYTYWNE POSTRZEGANIE STARO\u015aCI odb\u0119dzie si\u0119:<\/p>\n\n\n\n<ul class=\"wp-block-list\">\n<li>32 h warsztat\u00f3w z kosmetyczk\u0105\/wiza\u017cystk\u0105;<\/li>\n\n\n\n<li>32 h zaj\u0119\u0107\/warsztat\u00f3w z lekarzem\/fizjoterapeut\u0105.<\/li>\n<\/ul>\n\n\n\n<p>W ramach KAMPANII PROMUJ\u0104CEJ WIEK SENIORALNY odb\u0119dzie si\u0119:<\/p>\n\n\n\n<ul class=\"wp-block-list\">\n<li>zostanie opracowana kampania,<\/li>\n\n\n\n<li>opracowane graficzne plakaty,<br>-ulotki,<br>-informacje w mediach spo\u0142eczno\u015bciowych i na stornie www organizacji. \u2028Celem kampanii b\u0119dzie podwy\u017cszenie \u015bwiadomo\u015bci spo\u0142ecze\u0144stwa na temat bezpiecze\u0144stwa i aktywno\u015bci os\u00f3b starszych, kszta\u0142towanie pozytywnego postrzegania staro\u015bci.<\/li>\n<\/ul>\n\n\n\n<p>W celu przyst\u0105pienia do projektu \u201eWsp\u00f3\u0142praca pop\u0142aca!\u201d nale\u017cy zg\u0142osi\u0107 si\u0119 do:<br>Biura Projektu:<br>Fundacji \u201ePerspektywa\u201d w Olsztynie,<br>ul. Leyka 7<br>www.perspektywa.olsztyn.pl<br>tel. 600 483&nbsp;146<\/p>\n\n\n\n<p>Koordynator projektu: Izabela Krzyszycha \u260e 600&nbsp;483&nbsp;146<br>Rekrutacja &#8211; b\u0119dzie prowadzona w spos\u00f3b otwarty od 08.08.2024 r. do wyczerpania miejsc!<\/p>\n\n\n\n<div data-wp-interactive=\"core\/file\" class=\"wp-block-file\"><object data-wp-bind--hidden=\"!state.hasPdfPreview\" hidden class=\"wp-block-file__embed\" data=\"https:\/\/perspektywa.olsztyn.pl\/wp-content\/uploads\/2024\/09\/Wspolpraca-poplaca-biuro-projektu-tablica-informacyjna.pdf\" type=\"application\/pdf\" style=\"width:100%;height:600px\" aria-label=\"Osadzone z Aktywni+_Wsp\u00f3\u0142praca pop\u0142aca_tablica informacyjna.\"><\/object><a id=\"wp-block-file--media-ff8e4158-d60c-4b36-a621-dde66ee55e68\" href=\"https:\/\/perspektywa.olsztyn.pl\/wp-content\/uploads\/2024\/09\/Wspolpraca-poplaca-biuro-projektu-tablica-informacyjna.pdf\">Aktywni+_Wsp\u00f3\u0142praca pop\u0142aca_tablica informacyjna<\/a><a href=\"https:\/\/perspektywa.olsztyn.pl\/wp-content\/uploads\/2024\/09\/Wspolpraca-poplaca-biuro-projektu-tablica-informacyjna.pdf\" class=\"wp-block-file__button wp-element-button\" download aria-describedby=\"wp-block-file--media-ff8e4158-d60c-4b36-a621-dde66ee55e68\">Pobierz<\/a><\/div>\n\n\n\n<div data-wp-interactive=\"core\/file\" class=\"wp-block-file\"><object data-wp-bind--hidden=\"!state.hasPdfPreview\" hidden class=\"wp-block-file__embed\" data=\"https:\/\/perspektywa.olsztyn.pl\/wp-content\/uploads\/2024\/09\/Regulamin-projektu-Wspolpraca-poplaca_Aktywni.pdf\" type=\"application\/pdf\" style=\"width:100%;height:600px\" aria-label=\"Osadzone z Regulamin projektu Wspo\u0301\u0142praca pop\u0142aca_Aktywni+.\"><\/object><a id=\"wp-block-file--media-1a3256fd-6b7c-406d-bcb5-2f79b83cbc6b\" href=\"https:\/\/perspektywa.olsztyn.pl\/wp-content\/uploads\/2024\/09\/Regulamin-projektu-Wspolpraca-poplaca_Aktywni.pdf\">Regulamin projektu Wspo\u0301\u0142praca pop\u0142aca_Aktywni+<\/a><a href=\"https:\/\/perspektywa.olsztyn.pl\/wp-content\/uploads\/2024\/09\/Regulamin-projektu-Wspolpraca-poplaca_Aktywni.pdf\" class=\"wp-block-file__button wp-element-button\" download aria-describedby=\"wp-block-file--media-1a3256fd-6b7c-406d-bcb5-2f79b83cbc6b\">Pobierz<\/a><\/div>\n","protected":false},"excerpt":{"rendered":"<p>Projekt \u201eWsp\u00f3\u0142praca pop\u0142aca!\u201d dofinansowany ze \u015brodk\u00f3w rz\u0105dowego programu wieloletniego na rzecz Os\u00f3b Starszych \u201eAktywni+\u201d na lata 2021\u20132025 Uczestnicy: 48 senior\u00f3w i 16 os\u00f3b m\u0142odszych (od 10 do 59 roku \u017cycia) z terenu Olsztyna\/pow. olszty\u0144skiego Czas: od 1 lipca 2024 r. do 31 grudnia 2024 r. Warto\u015b\u0107 dofinansowania: 197 220.00 z\u0142 Ca\u0142kowita warto\u015b\u0107 inwestycji: 220 220.00 &hellip; <\/p>\n<p class=\"link-more\"><a href=\"https:\/\/perspektywa.olsztyn.pl\/index.php\/informacje-o-projekcie\/\" class=\"more-link\">Czytaj dalej<span class=\"screen-reader-text\"> \u201eInformacje o projekcie\u201d<\/span><\/a><\/p>\n","protected":false},"author":1,"featured_media":0,"parent":0,"menu_order":0,"comment_status":"closed","ping_status":"closed","template":"","meta":{"footnotes":""},"class_list":["post-1597","page","type-page","status-publish","hentry"],"_links":{"self":[{"href":"https:\/\/perspektywa.olsztyn.pl\/index.php\/wp-json\/wp\/v2\/pages\/1597","targetHints":{"allow":["GET"]}}],"collection":[{"href":"https:\/\/perspektywa.olsztyn.pl\/index.php\/wp-json\/wp\/v2\/pages"}],"about":[{"href":"https:\/\/perspektywa.olsztyn.pl\/index.php\/wp-json\/wp\/v2\/types\/page"}],"author":[{"embeddable":true,"href":"https:\/\/perspektywa.olsztyn.pl\/index.php\/wp-json\/wp\/v2\/users\/1"}],"replies":[{"embeddable":true,"href":"https:\/\/perspektywa.olsztyn.pl\/index.php\/wp-json\/wp\/v2\/comments?post=1597"}],"version-history":[{"count":8,"href":"https:\/\/perspektywa.olsztyn.pl\/index.php\/wp-json\/wp\/v2\/pages\/1597\/revisions"}],"predecessor-version":[{"id":1666,"href":"https:\/\/perspektywa.olsztyn.pl\/index.php\/wp-json\/wp\/v2\/pages\/1597\/revisions\/1666"}],"wp:attachment":[{"href":"https:\/\/perspektywa.olsztyn.pl\/index.php\/wp-json\/wp\/v2\/media?parent=1597"}],"curies":[{"name":"wp","href":"https:\/\/api.w.org\/{rel}","templated":true}]}}