{"id":1596,"date":"2024-08-04T16:30:56","date_gmt":"2024-08-04T16:30:56","guid":{"rendered":"https:\/\/perspektywa.olsztyn.pl\/?page_id=1596"},"modified":"2025-01-23T23:55:48","modified_gmt":"2025-01-23T23:55:48","slug":"wspolpraca-poplaca","status":"publish","type":"page","link":"https:\/\/perspektywa.olsztyn.pl\/index.php\/wspolpraca-poplaca\/","title":{"rendered":"Wsp\u00f3\u0142praca pop\u0142aca"},"content":{"rendered":"\n<div data-wp-interactive=\"core\/file\" class=\"wp-block-file\"><object data-wp-bind--hidden=\"!state.hasPdfPreview\" hidden class=\"wp-block-file__embed\" data=\"https:\/\/perspektywa.olsztyn.pl\/wp-content\/uploads\/2025\/01\/podsumowanie-Wspolpraca-Poplaca.pdf\" type=\"application\/pdf\" style=\"width:100%;height:600px\" aria-label=\"Osadzone z podsumowanie- Wspolpraca Poplaca.\"><\/object><a id=\"wp-block-file--media-0d0fdb85-2443-45e9-8811-6ee076829015\" href=\"https:\/\/perspektywa.olsztyn.pl\/wp-content\/uploads\/2025\/01\/podsumowanie-Wspolpraca-Poplaca.pdf\">podsumowanie- Wspolpraca Poplaca<\/a><a href=\"https:\/\/perspektywa.olsztyn.pl\/wp-content\/uploads\/2025\/01\/podsumowanie-Wspolpraca-Poplaca.pdf\" class=\"wp-block-file__button wp-element-button\" download aria-describedby=\"wp-block-file--media-0d0fdb85-2443-45e9-8811-6ee076829015\">Pobierz<\/a><\/div>\n\n\n\n<div data-wp-interactive=\"core\/file\" class=\"wp-block-file\"><object data-wp-bind--hidden=\"!state.hasPdfPreview\" hidden class=\"wp-block-file__embed\" data=\"https:\/\/perspektywa.olsztyn.pl\/wp-content\/uploads\/2024\/09\/Aktywni-Wspolpraca-Biuletyn-Dokument-A4-1.pdf\" type=\"application\/pdf\" style=\"width:100%;height:2000px\" aria-label=\"Osadzone z Aktywni+ Wspolpraca Biuletyn (Dokument (A4)).\"><\/object><a id=\"wp-block-file--media-84779827-58b0-414e-8d97-a95db0c7835e\" href=\"https:\/\/perspektywa.olsztyn.pl\/wp-content\/uploads\/2024\/09\/Aktywni-Wspolpraca-Biuletyn-Dokument-A4-1.pdf\">Aktywni+ Wspolpraca Biuletyn (Dokument (A4))<\/a><\/div>\n","protected":false},"excerpt":{"rendered":"","protected":false},"author":1,"featured_media":0,"parent":0,"menu_order":0,"comment_status":"closed","ping_status":"closed","template":"","meta":{"footnotes":""},"class_list":["post-1596","page","type-page","status-publish","hentry"],"_links":{"self":[{"href":"https:\/\/perspektywa.olsztyn.pl\/index.php\/wp-json\/wp\/v2\/pages\/1596","targetHints":{"allow":["GET"]}}],"collection":[{"href":"https:\/\/perspektywa.olsztyn.pl\/index.php\/wp-json\/wp\/v2\/pages"}],"about":[{"href":"https:\/\/perspektywa.olsztyn.pl\/index.php\/wp-json\/wp\/v2\/types\/page"}],"author":[{"embeddable":true,"href":"https:\/\/perspektywa.olsztyn.pl\/index.php\/wp-json\/wp\/v2\/users\/1"}],"replies":[{"embeddable":true,"href":"https:\/\/perspektywa.olsztyn.pl\/index.php\/wp-json\/wp\/v2\/comments?post=1596"}],"version-history":[{"count":7,"href":"https:\/\/perspektywa.olsztyn.pl\/index.php\/wp-json\/wp\/v2\/pages\/1596\/revisions"}],"predecessor-version":[{"id":1740,"href":"https:\/\/perspektywa.olsztyn.pl\/index.php\/wp-json\/wp\/v2\/pages\/1596\/revisions\/1740"}],"wp:attachment":[{"href":"https:\/\/perspektywa.olsztyn.pl\/index.php\/wp-json\/wp\/v2\/media?parent=1596"}],"curies":[{"name":"wp","href":"https:\/\/api.w.org\/{rel}","templated":true}]}}