{"id":1531,"date":"2024-04-11T00:11:07","date_gmt":"2024-04-11T00:11:07","guid":{"rendered":"https:\/\/perspektywa.olsztyn.pl\/?page_id=1531"},"modified":"2024-04-11T00:15:47","modified_gmt":"2024-04-11T00:15:47","slug":"e-umiejetnosci-dla-doroslych","status":"publish","type":"page","link":"https:\/\/perspektywa.olsztyn.pl\/index.php\/e-umiejetnosci-dla-doroslych\/","title":{"rendered":"E-umiej\u0119tno\u015bci dla doros\u0142ych"},"content":{"rendered":"\n<div class=\"wp-block-file\"><a id=\"wp-block-file--media-99c92222-841f-433e-a60a-7314839bbb35\" href=\"https:\/\/perspektywa.olsztyn.pl\/wp-content\/uploads\/2024\/04\/Oferta-szkolenia-E_umiejetnosci-dla-doroslych-1.pdf\">Oferta-szkolenia-E_umiejetnosci-dla-doroslych-1<\/a><a href=\"https:\/\/perspektywa.olsztyn.pl\/wp-content\/uploads\/2024\/04\/Oferta-szkolenia-E_umiejetnosci-dla-doroslych-1.pdf\" class=\"wp-block-file__button wp-element-button\" download aria-describedby=\"wp-block-file--media-99c92222-841f-433e-a60a-7314839bbb35\">Pobierz<\/a><\/div>\n","protected":false},"excerpt":{"rendered":"","protected":false},"author":1,"featured_media":0,"parent":0,"menu_order":0,"comment_status":"closed","ping_status":"closed","template":"","meta":{"footnotes":""},"class_list":["post-1531","page","type-page","status-publish","hentry"],"_links":{"self":[{"href":"https:\/\/perspektywa.olsztyn.pl\/index.php\/wp-json\/wp\/v2\/pages\/1531","targetHints":{"allow":["GET"]}}],"collection":[{"href":"https:\/\/perspektywa.olsztyn.pl\/index.php\/wp-json\/wp\/v2\/pages"}],"about":[{"href":"https:\/\/perspektywa.olsztyn.pl\/index.php\/wp-json\/wp\/v2\/types\/page"}],"author":[{"embeddable":true,"href":"https:\/\/perspektywa.olsztyn.pl\/index.php\/wp-json\/wp\/v2\/users\/1"}],"replies":[{"embeddable":true,"href":"https:\/\/perspektywa.olsztyn.pl\/index.php\/wp-json\/wp\/v2\/comments?post=1531"}],"version-history":[{"count":4,"href":"https:\/\/perspektywa.olsztyn.pl\/index.php\/wp-json\/wp\/v2\/pages\/1531\/revisions"}],"predecessor-version":[{"id":1557,"href":"https:\/\/perspektywa.olsztyn.pl\/index.php\/wp-json\/wp\/v2\/pages\/1531\/revisions\/1557"}],"wp:attachment":[{"href":"https:\/\/perspektywa.olsztyn.pl\/index.php\/wp-json\/wp\/v2\/media?parent=1531"}],"curies":[{"name":"wp","href":"https:\/\/api.w.org\/{rel}","templated":true}]}}