{"id":1454,"date":"2024-04-10T08:37:39","date_gmt":"2024-04-10T08:37:39","guid":{"rendered":"https:\/\/perspektywa.olsztyn.pl\/?page_id=1454"},"modified":"2024-06-19T14:51:05","modified_gmt":"2024-06-19T14:51:05","slug":"kadra","status":"publish","type":"page","link":"https:\/\/perspektywa.olsztyn.pl\/index.php\/kadra\/","title":{"rendered":"Kadra"},"content":{"rendered":"\n<p><br><strong>Izabela Krzyszycha<\/strong><\/p>\n\n\n\n<p>jest absolwentk\u0105 Wy\u017cszej Szko\u0142y Pedagogicznej w Olsztynie, gdzie specjalizowa\u0142a si\u0119 w pedagogice opieku\u0144czo-wychowawczej. Posiada bogate do\u015bwiadczenie zawodowe, kt\u00f3re zdobywa\u0142a jako nauczyciel akademicki na Uniwersytecie Warmi\u0144sko-Mazurskim oraz Wy\u017cszej Szkole Informatyki i Ekonomii TWP w Olsztynie. Jest r\u00f3wnie\u017c aktywnym mediatorem wpisanym na list\u0119 mediator\u00f3w s\u0105dowych przy S\u0105dzie Okr\u0119gowym \u2028w Olsztynie. Od 2008 roku jest w\u0142a\u015bcicielem i dyrektorem O\u015brodka Mediacji i Pomocy Psychologiczno-Pedagogicznej \u201ePorozumienie\u201d, gdzie \u015bwiadczy us\u0142ugi terapeutyczne, coachingowe, doradcze, psychologiczno-pedagogiczne. Od 2009 roku jest dyrektorem \u2028i w\u0142a\u015bcicielem Plac\u00f3wek niepublicznych o\u015bwiatowych, w tym Przedszkola \u201eDelfin\u201d. Pani Izabela jest tak\u017ce cz\u0142onkiem zarz\u0105du oraz Koordynatorem dzia\u0142a\u0144 Fundacji \u201ePerspektywa\u201d.\u2028Jej dzia\u0142alno\u015b\u0107 edukacyjna i spo\u0142eczna obejmuje realizacj\u0119 r\u00f3\u017cnorodnych program\u00f3w unijnych, warsztat\u00f3w psychoedukacyjnych dla m\u0142odzie\u017cy i doros\u0142ych, kurs\u00f3w j\u0119zykowych oraz szkole\u0144 zawodowych. Posiada szeroki zakres kwalifikacji, m.in. z zakresu pracy asystenta rodzinnego, podstaw przedsi\u0119biorczo\u015bci, coacha i trenera biznesu, lidera spo\u0142eczno\u015bci lokalnej, mediacji i negocjacji oraz psychologii spo\u0142ecznej i psychogeriatrii. \u2028Pani Izabela Krzyszycha anga\u017cuje si\u0119 tak\u017ce w projekty spo\u0142eczne i edukacyjne, wsp\u00f3\u0142pracuj\u0105c z instytucjami publicznymi i organizacjami pozarz\u0105dowymi. Jej zaanga\u017cowanie oraz profesjonalizm sprawiaj\u0105, \u017ce jest cenionym specjalist\u0105 w swoich dziedzinach.<\/p>\n\n\n\n<p><strong>Grzegorz Olech<\/strong><\/p>\n\n\n\n<p><br>jest do\u015bwiadczonym nauczycielem akademickim i informatykiem, specjalizuj\u0105cym si\u0119 w zarz\u0105dzaniu sieciami komputerowymi i bezpiecze\u0144stwem informacji. Posiada bogate do\u015bwiadczenie w prowadzeniu kurs\u00f3w i szkole\u0144 z zakresu administrowania serwerami, technologii sieciowych, projektowania sieci komputerowych oraz innych temat\u00f3w zwi\u0105zanych z informatyk\u0105. Jego praca obejmuje przygotowywanie materia\u0142\u00f3w dydaktycznych, opracowywanie program\u00f3w nauczania oraz prowadzenie zaj\u0119\u0107 dla student\u00f3w i s\u0142uchaczy studi\u00f3w podyplomowych.\u2028Dodatkowo, Grzegorz Olech pe\u0142ni\u0142 r\u00f3\u017cne funkcje na stanowiskach dyrektora i administratora w Uczelnianym Centrum Informatycznym oraz w innych instytucjach edukacyjnych i firmach. Jest r\u00f3wnie\u017c specjalist\u0105 informatykiem w Teatrze im. Stefana Jaracza w Olsztynie. Jego obszar dzia\u0142a\u0144 obejmuje tak\u017ce grafik\u0119 mened\u017cersk\u0105 i prezentacyjn\u0105, bezpiecze\u0144stwo teleinformatyczne, przetwarzanie tekstu oraz arkusze kalkulacyjne.\u2028Jego umiej\u0119tno\u015bci i do\u015bwiadczenie pozwalaj\u0105 mu skutecznie dzieli\u0107 si\u0119 wiedz\u0105 z uczestnikami kurs\u00f3w i szkole\u0144, a tak\u017ce wspiera\u0107 rozw\u00f3j edukacyjny w obszarze informatyki i zarz\u0105dzania sieciami komputerowymi. Jako osoba zaanga\u017cowana w wiele projekt\u00f3w i przedsi\u0119wzi\u0119\u0107, Grzegorz Olech jest profesjonalist\u0105, kt\u00f3ry stale poszerza swoje kompetencje i posiada doskona\u0142e umiej\u0119tno\u015bci interpersonalne.<\/p>\n\n\n\n<p><br><strong>Ma\u0142gorzata Chmielewska<\/strong><\/p>\n\n\n\n<p><br>to do\u015bwiadczona i wykszta\u0142cona osoba, kt\u00f3ra ma za sob\u0105 studia z zakresu zarz\u0105dzania nieruchomo\u015bciami, zarz\u0105dzania firm\u0105 europejsk\u0105 oraz in\u017cynierii budownictwa. Posiada bogate do\u015bwiadczenie jako trener, z ponad 7-letnim sta\u017cem w przeprowadzaniu szkole\u0144 zwi\u0105zanych g\u0142\u00f3wnie z nowymi technologiami, robotyk\u0105, programowaniem, kodowaniem, eksperymentami oraz przedsi\u0119biorczo\u015bci\u0105. Jest ekspertem w swojej dziedzinie, zdoby\u0142a tysi\u0105ce godzin pracy zar\u00f3wno z dzie\u0107mi, jak i osobami doros\u0142ymi. Doskonale wsp\u00f3\u0142pracuje z r\u00f3\u017cnymi grupami nauczycieli, prowadz\u0105c szkolenia m.in. z wykorzystania narz\u0119dzi TIK, robotyki, programowania, kodowania, nauki poprzez eksperymenty oraz przedsi\u0119biorczo\u015bci.\u2028Ma\u0142gorzata Chmielewska jest tak\u017ce ekspertem w szkoleniach dla doros\u0142ych z zakresu cyberbezpiecze\u0144stwa, kluczowych kompetencji, obs\u0142ugi komputera i tworzenia aplikacji mobilnych. Jej g\u0142\u0119boka wiedza i praktyczne do\u015bwiadczenie pozwalaj\u0105 jej dostosowa\u0107 program szkoleniowy do indywidualnych potrzeb ka\u017cdego uczestnika, co gwarantuje skuteczne i efektywne szkolenie.\u2028Jako osoba prowadz\u0105ca, Ma\u0142gorzata Chmielewska zapewnia profesjonalne podej\u015bcie oraz inspiruj\u0105c\u0105 atmosfer\u0119, kt\u00f3ra sprzyja nauce i rozwojowi. Jej pasja do nowych technologii i ch\u0119\u0107 dzielenia si\u0119 wiedz\u0105 sprawiaj\u0105, \u017ce jest \u015bwietnym trenerem, kt\u00f3ry potrafi inspirowa\u0107 innych do nauki i rozwoju.\u2028Ma\u0142gorzata Chmielewska posiada r\u00f3wnie\u017c do\u015bwiadczenie w zarz\u0105dzaniu projektami, pe\u0142ni\u0105c funkcj\u0119 kierownika projekt\u00f3w zdoby\u0142a du\u017ce do\u015bwiadczenie w planowaniu, organizowaniu oraz kontrolowaniu dzia\u0142a\u0144 zespo\u0142u. Jej umiej\u0119tno\u015bci interpersonalne pozwalaj\u0105 jej skutecznie wsp\u00f3\u0142pracowa\u0107 z r\u00f3\u017cnymi osobami, co przek\u0142ada si\u0119 na sukcesywn\u0105 realizacj\u0119 cel\u00f3w projektowych. Dzi\u0119ki swojemu profesjonalizmowi, zaanga\u017cowaniu i pe\u0142nej determinacji w d\u0105\u017ceniu do osi\u0105gni\u0119cia sukcesu, Ma\u0142gorzata jest cenionym liderem projektowym.<br><\/p>\n\n\n\n<p><strong>Dariusz Rutkowski\u00a0<\/strong><\/p>\n\n\n\n<p>to do\u015bwiadczony specjalista, kt\u00f3ry posiada bogate wykszta\u0142cenie \u2028i do\u015bwiadczenie w dziedzinie prawa, zarz\u0105dzania zasobami ludzkimi oraz bezpiecze\u0144stwa \u2028i higieny pracy.<br>Dariusz Rutkowski jest profesjonalist\u0105, kt\u00f3ry cechuje si\u0119 precyzj\u0105, skrupulatno\u015bci\u0105 i zdolno\u015bci\u0105 do szybkiego podejmowania decyzji. Posiada doskona\u0142e umiej\u0119tno\u015bci komunikacyjne, co pozwala mu na skuteczne zarz\u0105dzanie zespo\u0142em oraz budowanie pozytywnych relacji z klientami. Jest ambitny i zawsze d\u0105\u017cy do doskonalenia swoich umiej\u0119tno\u015bci, dlatego te\u017c regularnie uczestniczy w szkoleniach i konferencjach bran\u017cowych. Dariusz Rutkowski to osoba zaanga\u017cowana i sumienna w wykonywaniu powierzonych jej obowi\u0105zk\u00f3w, kt\u00f3ra zawsze stawia na jako\u015b\u0107 i profesjonalizm.<\/p>\n\n\n\n<p><strong>Marek Kl\u0119czar<\/strong><\/p>\n\n\n\n<p>magister prawa, odgrywa kluczow\u0105 rol\u0119 w podnoszeniu kwalifikacji urz\u0119dnik\u00f3w s\u0142u\u017cby cywilnej w Polsce. Od roku 2000 jako do\u015bwiadczony trener i szkoleniowiec, nieprzerwanie prowadzi szkolenia, kt\u00f3re przyczyniaj\u0105 si\u0119 do profesjonalnego rozwoju licznych pracownik\u00f3w administracji publicznej.<br>Marek uko\u0144czy\u0142 studia prawnicze, zdobywaj\u0105c tytu\u0142 magistra prawa, co stanowi solidn\u0105 podstaw\u0119 jego kariery zawodowej. Przez ponad dwie dekady, dzi\u0119ki swojemu zaanga\u017cowaniu i kompetencjom, zyska\u0142 uznanie w\u015br\u00f3d wielu instytucji publicznych, z kt\u00f3rymi wsp\u00f3\u0142pracowa\u0142. Jego do\u015bwiadczenie obejmuje szeroki zakres temat\u00f3w zwi\u0105zanych z prawem, administracj\u0105 i zarz\u0105dzaniem, co sprawia, \u017ce jest niezwykle cenionym ekspertem w swojej dziedzinie.<br>Szkoli\u0142 miedzy innymi takie podmioty jak: S\u0142u\u017cba Przygotowawcza w S\u0142u\u017cbie Cywilnej, Wsp\u00f3\u0142pracowa\u0142 z r\u00f3\u017cnymi instytucjami, w tym: Powiatowy Inspektorat Weterynarii w S\u0142upsku, G\u0142\u00f3wny Urz\u0105d Geodezji i Kartografii w Warszawie, G\u0142\u00f3wny Urz\u0105d Miar, Ministerstwo Edukacji Narodowej i Sportu, Generalna Dyrekcja Dr\u00f3g Krajowych i Autostrad, G\u0142\u00f3wny Inspektorat Transportu Drogowego, Dyrekcja Dr\u00f3g Krajowych i Autostrad w Bydgoszczy Kuratorium O\u015bwiaty w Bydgoszczy, Warmi\u0144sko-Mazurski Oddzia\u0142 Stra\u017cy Granicznej Archiwum Pa\u0144stwowe w Olsztynie, Ministerstwo Gospodarki i Pracy, Ministerstwo Polityki Spo\u0142ecznej, Kancelari\u0105 Prezesa Rady Ministr\u00f3w, Ministerstwo Infrastruktury Rz\u0105dowe Centrum Studi\u00f3w Strategicznych, Urz\u0105d S\u0142u\u017cby Cywilnej, Warmi\u0144sko-Mazurski Urz\u0105d Wojew\u00f3dzki \u2028w Olsztynie, Kujawsko-Pomorski Urz\u0105d Wojew\u00f3dzki w Bydgoszczy, Pomorski Urz\u0105d Wojew\u00f3dzki w Gda\u0144sku, Urz\u0105d Morski w Gdyni, Komenda Wojew\u00f3dzka Policji \u2028w Bydgoszczy.<br>Dzi\u0119ki szerokiemu zakresowi wsp\u00f3\u0142pracy z r\u00f3\u017cnorodnymi instytucjami publicznymi Marek Borucki zyska\u0142 nieocenione do\u015bwiadczenie i wszechstronn\u0105 wiedz\u0119. Jego umiej\u0119tno\u015bci i zaanga\u017cowanie w podnoszenie kwalifikacji urz\u0119dnik\u00f3w s\u0142u\u017cby cywilnej sprawiaj\u0105, \u017ce jest nie tylko cenionym trenerem, ale r\u00f3wnie\u017c kluczowym elementem w procesie profesjonalizacji polskiej administracji publicznej.<\/p>\n\n\n\n<p><strong>Anna Staszkiewicz<\/strong><\/p>\n\n\n\n<p>ambitna, zaanga\u017cowana i pe\u0142na pasji do pracy z dzie\u0107mi, m\u0142odzie\u017c\u0105 oraz osobami doros\u0142ymi. Posiada szerok\u0105 wiedz\u0119 zar\u00f3wno z zakresu fizyki medycznej, jak i pedagogiki, co pozwala jej na skuteczne dzia\u0142anie w obszarze edukacji i terapii. Charakteryzuje j\u0105 otwarto\u015b\u0107 na nowe metody nauczania oraz ch\u0119\u0107 ci\u0105g\u0142ego doskonalenia swoich umiej\u0119tno\u015bci. Jest kreatywna i innowacyjna w podej\u015bciu do pracy z uczniami, co sprawia, \u017ce potrafi wykorzysta\u0107 interdyscyplinarne podej\u015bcie do nauki w praktyce.\u2028Jako asystent Koordynatora dzia\u0142a\u0144 w Fundacji \u201ePerspektywa\u201d Anna anga\u017cuje si\u0119 w r\u00f3\u017cnorodne inicjatywy edukacyjne i profilaktyczne, maj\u0105ce na celu wsparcie dzieci, m\u0142odzie\u017cy i doros\u0142ych w ich rozwoju. Jej praca opiera si\u0119 na holistycznym podej\u015bciu, kt\u00f3re \u0142\u0105czy nauk\u0119 z rozwojem proces\u00f3w integracji sensorycznej, co pozwala na kompleksowe wsparcie rozwoju ka\u017cdej jednostki. Jest r\u00f3wnie\u017c aktywna zawodowo, regularnie poszerzaj\u0105c swoje kwalifikacje poprzez uczestnictwo w szkoleniach i kursach. Dzi\u0119ki temu jest na bie\u017c\u0105co z najnowszymi trendami i metodami nauczania, co pozwala jej efektywnie wspiera\u0107 innych w ich procesie edukacyjnym.<br>Anna Staszkiewicz interesuje si\u0119 tak\u017ce tematyk\u0105 sztucznej inteligencji, cyberbezpiecze\u0144stwa oraz technologiami informacyjno-komunikacyjnymi. Ch\u0119tnie podnosi podstawowe kompetencje kluczowe os\u00f3b doros\u0142ych, aby pom\u00f3c im radzi\u0107 sobie w coraz bardziej z\u0142o\u017conym i zmieniaj\u0105cym si\u0119 \u015bwiecie. Jest otwarta na nowe technologie i metody pracy, co pozwala jej by\u0107 na bie\u017c\u0105co z najnowszymi rozwi\u0105zaniami w obszarze edukacji i terapii. Jej pasja do pracy z lud\u017ami sprawia, \u017ce jest osob\u0105 zaanga\u017cowan\u0105 i pe\u0142n\u0105 energii, gotow\u0105 do podejmowania nowych wyzwa\u0144 i wspierania innych w ich rozwoju.<\/p>\n\n\n\n<p><strong>Katarzyna \u017buk &#8211; Usowicz<\/strong><\/p>\n\n\n\n<p>jest absolwentk\u0105 Uniwersytetu Warmi\u0144sko-Mazurskiego na kierunkach: Stosunki Mi\u0119dzynarodowe, Politologia, Zarz\u0105dzanie funduszami unijnymi, Mechanizmy funkcjonowania Strefy Euro oraz absolwentk\u0105 Wy\u017cszej Szko\u0142y Informatyki i Zarz\u0105dzania im. prof. Tadeusza Kotarbi\u0144skiego na kierunku: Rachunkowo\u015b\u0107 i controlling. Od 2013 roku prowadzi Centrum Doskonalenia Zawodowego Sigmma, kt\u00f3re zajmuje si\u0119 pozyskiwaniem funduszy unijnych, rozliczaniem i audytem projekt\u00f3w oraz szkoleniami dla doros\u0142ych. Posiada 15 letnie do\u015bwiadczenie w zakresie realizacji projekt\u00f3w dofinansowanych z UE \u2013 jako beneficjent, realizator, koordynator. Uczestniczy\u0142a w realizacji i rozliczaniu ponad 40 projekt\u00f3w dofinansowanych z EFS o warto\u015bci oko\u0142o 15 mln z\u0142otych. Posiada Mi\u0119dzynarodowy Certyfikat AgilePM; Europejski Certyfikat Kompetencji Biznesowych EBC*L; Certyfikat ECDL Zarz\u0105dzania Projektami; ECDL Advanced Word, Excel. Od 2012 roku by\u0142a czynnym egzaminatorem ECDL oraz ETS Global w szko\u0142ach oraz na UWM w Olsztynie. Posiada r\u00f3wnie\u017c wiedz\u0119 z zakresu ksi\u0119gowo\u015bci: I stopie\u0144 Ksi\u0119gowej, uko\u0144czony Kurs Kadry i P\u0142ace, Podstawy rozlicze\u0144 podatkowych.<\/p>\n\n\n\n<p><strong>Marek Borucki<\/strong><\/p>\n\n\n\n<p>magister prawa, od 27 lat pracuje jako nauczyciel przedmiot\u00f3w zawodowych, z czego 26 lat sp\u0119dzi\u0142 w Zespole Szk\u00f3\u0142 Elektronicznych i Telekomunikacyjnych (ZSEiT) w Olsztynie. Pe\u0142ni\u0142 m.in. funkcje kierownika szkolenia praktycznego i wicedyrektora, organizuj\u0105c kursy kszta\u0142cenia zawodowego oraz praktyki. Aktywnie wsp\u00f3\u0142pracuje z Okr\u0119gow\u0105 Komisj\u0105 Egzaminacyjn\u0105 i innymi instytucjami, inicjuj\u0105c dzia\u0142ania wspieraj\u0105ce prac\u0119 szko\u0142y. Wdra\u017ca innowacyjne metody nauczania, anga\u017cuj\u0105c uczni\u00f3w i wspieraj\u0105c ich w trudno\u015bciach. Dzi\u0119ki wsp\u00f3\u0142pracy z lokalnymi firmami i uczelniami, takimi jak Michelin i Uniwersytet Warmi\u0144sko-Mazurski, szko\u0142a realizuje kursy podnosz\u0105ce kwalifikacje uczni\u00f3w. Jako ekspert bran\u017cowy opracowa\u0142 programy kurs\u00f3w zawodowych, w tym dla zawod\u00f3w technik programista i technik automatyk. Wsp\u00f3\u0142pracowa\u0142 z Mi\u0119dzynarodowym Centrum Doskonalenia Zawodowego, tworz\u0105c programy nauczania. Podczas pandemii COVID-19 koordynowa\u0142 zdalne praktyki uczniowskie, umo\u017cliwiaj\u0105c uczniom kontynuowanie nauki. Jest czynnym egzaminatorem i aktywnym dzia\u0142aczem ZNP, wspieraj\u0105c m\u0142odych nauczycieli. Jego wk\u0142ad w edukacj\u0119 zawodow\u0105 zosta\u0142 wielokrotnie nagrodzony, m.in. Nagrod\u0105 Prezydenta Miasta Olsztyna.<\/p>\n","protected":false},"excerpt":{"rendered":"<p>Izabela Krzyszycha jest absolwentk\u0105 Wy\u017cszej Szko\u0142y Pedagogicznej w Olsztynie, gdzie specjalizowa\u0142a si\u0119 w pedagogice opieku\u0144czo-wychowawczej. Posiada bogate do\u015bwiadczenie zawodowe, kt\u00f3re zdobywa\u0142a jako nauczyciel akademicki na Uniwersytecie Warmi\u0144sko-Mazurskim oraz Wy\u017cszej Szkole Informatyki i Ekonomii TWP w Olsztynie. Jest r\u00f3wnie\u017c aktywnym mediatorem wpisanym na list\u0119 mediator\u00f3w s\u0105dowych przy S\u0105dzie Okr\u0119gowym \u2028w Olsztynie. Od 2008 roku jest w\u0142a\u015bcicielem &hellip; <\/p>\n<p class=\"link-more\"><a href=\"https:\/\/perspektywa.olsztyn.pl\/index.php\/kadra\/\" class=\"more-link\">Czytaj dalej<span class=\"screen-reader-text\"> \u201eKadra\u201d<\/span><\/a><\/p>\n","protected":false},"author":1,"featured_media":0,"parent":0,"menu_order":0,"comment_status":"closed","ping_status":"closed","template":"","meta":{"footnotes":""},"class_list":["post-1454","page","type-page","status-publish","hentry"],"_links":{"self":[{"href":"https:\/\/perspektywa.olsztyn.pl\/index.php\/wp-json\/wp\/v2\/pages\/1454","targetHints":{"allow":["GET"]}}],"collection":[{"href":"https:\/\/perspektywa.olsztyn.pl\/index.php\/wp-json\/wp\/v2\/pages"}],"about":[{"href":"https:\/\/perspektywa.olsztyn.pl\/index.php\/wp-json\/wp\/v2\/types\/page"}],"author":[{"embeddable":true,"href":"https:\/\/perspektywa.olsztyn.pl\/index.php\/wp-json\/wp\/v2\/users\/1"}],"replies":[{"embeddable":true,"href":"https:\/\/perspektywa.olsztyn.pl\/index.php\/wp-json\/wp\/v2\/comments?post=1454"}],"version-history":[{"count":4,"href":"https:\/\/perspektywa.olsztyn.pl\/index.php\/wp-json\/wp\/v2\/pages\/1454\/revisions"}],"predecessor-version":[{"id":1590,"href":"https:\/\/perspektywa.olsztyn.pl\/index.php\/wp-json\/wp\/v2\/pages\/1454\/revisions\/1590"}],"wp:attachment":[{"href":"https:\/\/perspektywa.olsztyn.pl\/index.php\/wp-json\/wp\/v2\/media?parent=1454"}],"curies":[{"name":"wp","href":"https:\/\/api.w.org\/{rel}","templated":true}]}}