{"id":1429,"date":"2024-02-21T16:20:18","date_gmt":"2024-02-21T16:20:18","guid":{"rendered":"https:\/\/perspektywa.olsztyn.pl\/?page_id=1429"},"modified":"2024-10-25T06:44:53","modified_gmt":"2024-10-25T06:44:53","slug":"artykuly","status":"publish","type":"page","link":"https:\/\/perspektywa.olsztyn.pl\/index.php\/artykuly\/","title":{"rendered":"Aktualno\u015bci"},"content":{"rendered":"\n<p>Publikujemy <a href=\"https:\/\/perspektywa.olsztyn.pl\/wp-content\/uploads\/2024\/10\/HARMONOGRAM-ZAJEC-MAT-na-strone.pdf\">harmonogram zaj\u0119\u0107<\/a> M\u0142odzie\u017cowej Akademii Talent\u00f3w: <a href=\"https:\/\/perspektywa.olsztyn.pl\/wp-content\/uploads\/2024\/10\/HARMONOGRAM-ZAJEC-MAT-na-strone.pdf\">Pobierz <\/a><\/p>\n\n\n\n<p>Do\u0142\u0105cz do nas na Instagramie, zeskanuj kod QR umieszczony poni\u017cej:<\/p>\n\n\n\n<div data-wp-interactive=\"core\/file\" class=\"wp-block-file\"><object data-wp-bind--hidden=\"!state.hasPdfPreview\" hidden class=\"wp-block-file__embed\" data=\"https:\/\/perspektywa.olsztyn.pl\/wp-content\/uploads\/2024\/04\/MAT-QR-Code_.pdf\" type=\"application\/pdf\" style=\"width:100%;height:388px\" aria-label=\"Osadzone z MAT-QR-Code_.\"><\/object><a id=\"wp-block-file--media-0b6eb717-75c1-4e0a-9522-10f105daee89\" href=\"https:\/\/perspektywa.olsztyn.pl\/wp-content\/uploads\/2024\/04\/MAT-QR-Code_.pdf\">MAT-QR-Code_<\/a><a href=\"https:\/\/perspektywa.olsztyn.pl\/wp-content\/uploads\/2024\/04\/MAT-QR-Code_.pdf\" class=\"wp-block-file__button wp-element-button\" download aria-describedby=\"wp-block-file--media-0b6eb717-75c1-4e0a-9522-10f105daee89\">Pobierz<\/a><\/div>\n\n\n\n<p><\/p>\n\n\n\n<div data-wp-interactive=\"core\/file\" class=\"wp-block-file\"><object data-wp-bind--hidden=\"!state.hasPdfPreview\" hidden class=\"wp-block-file__embed\" data=\"https:\/\/perspektywa.olsztyn.pl\/wp-content\/uploads\/2024\/04\/Informujemy-o-zakonczoonej-rekrutacji.pdf\" type=\"application\/pdf\" style=\"width:100%;height:600px\" aria-label=\"Osadzone z Informujemy-o-zakonczoonej-rekrutacji.\"><\/object><a id=\"wp-block-file--media-cb312ec3-a810-45bd-a4c0-36e8d34d6be9\" href=\"https:\/\/perspektywa.olsztyn.pl\/wp-content\/uploads\/2024\/04\/Informujemy-o-zakonczoonej-rekrutacji.pdf\">Informujemy-o-zakonczoonej-rekrutacji<\/a><a href=\"https:\/\/perspektywa.olsztyn.pl\/wp-content\/uploads\/2024\/04\/Informujemy-o-zakonczoonej-rekrutacji.pdf\" class=\"wp-block-file__button wp-element-button\" download aria-describedby=\"wp-block-file--media-cb312ec3-a810-45bd-a4c0-36e8d34d6be9\">Pobierz<\/a><\/div>\n","protected":false},"excerpt":{"rendered":"<p>Publikujemy harmonogram zaj\u0119\u0107 M\u0142odzie\u017cowej Akademii Talent\u00f3w: Pobierz Do\u0142\u0105cz do nas na Instagramie, zeskanuj kod QR umieszczony poni\u017cej:<\/p>\n","protected":false},"author":1,"featured_media":0,"parent":0,"menu_order":0,"comment_status":"closed","ping_status":"closed","template":"","meta":{"footnotes":""},"class_list":["post-1429","page","type-page","status-publish","hentry"],"_links":{"self":[{"href":"https:\/\/perspektywa.olsztyn.pl\/index.php\/wp-json\/wp\/v2\/pages\/1429","targetHints":{"allow":["GET"]}}],"collection":[{"href":"https:\/\/perspektywa.olsztyn.pl\/index.php\/wp-json\/wp\/v2\/pages"}],"about":[{"href":"https:\/\/perspektywa.olsztyn.pl\/index.php\/wp-json\/wp\/v2\/types\/page"}],"author":[{"embeddable":true,"href":"https:\/\/perspektywa.olsztyn.pl\/index.php\/wp-json\/wp\/v2\/users\/1"}],"replies":[{"embeddable":true,"href":"https:\/\/perspektywa.olsztyn.pl\/index.php\/wp-json\/wp\/v2\/comments?post=1429"}],"version-history":[{"count":7,"href":"https:\/\/perspektywa.olsztyn.pl\/index.php\/wp-json\/wp\/v2\/pages\/1429\/revisions"}],"predecessor-version":[{"id":1682,"href":"https:\/\/perspektywa.olsztyn.pl\/index.php\/wp-json\/wp\/v2\/pages\/1429\/revisions\/1682"}],"wp:attachment":[{"href":"https:\/\/perspektywa.olsztyn.pl\/index.php\/wp-json\/wp\/v2\/media?parent=1429"}],"curies":[{"name":"wp","href":"https:\/\/api.w.org\/{rel}","templated":true}]}}