{"id":1427,"date":"2024-02-21T16:20:18","date_gmt":"2024-02-21T16:20:18","guid":{"rendered":"https:\/\/perspektywa.olsztyn.pl\/?page_id=1427"},"modified":"2025-07-04T13:43:32","modified_gmt":"2025-07-04T13:43:32","slug":"efekty-projektu-2","status":"publish","type":"page","link":"https:\/\/perspektywa.olsztyn.pl\/index.php\/efekty-projektu-2\/","title":{"rendered":"Efekty projektu"},"content":{"rendered":"\n<p>Poni\u017cej zamieszczamy materia\u0142y podsumowuj\u0105ce M\u0142odzie\u017cow\u0105 Akademi\u0119 Talent\u00f3w oraz przewodnik dla Lider\u00f3w wolontariatu.<\/p>\n\n\n\n<div data-wp-interactive=\"core\/file\" class=\"wp-block-file\"><object data-wp-bind--hidden=\"!state.hasPdfPreview\" hidden class=\"wp-block-file__embed\" data=\"https:\/\/perspektywa.olsztyn.pl\/wp-content\/uploads\/2025\/07\/PRZEWODNIK-DLA-LIDERA.pdf\" type=\"application\/pdf\" style=\"width:100%;height:600px\" aria-label=\"Osadzone z PRZEWODNIK DLA LIDERA.\"><\/object><a id=\"wp-block-file--media-21b65a13-767a-40ae-93d8-bdc9adbe362c\" href=\"https:\/\/perspektywa.olsztyn.pl\/wp-content\/uploads\/2025\/07\/PRZEWODNIK-DLA-LIDERA.pdf\">PRZEWODNIK DLA LIDERA<\/a><a href=\"https:\/\/perspektywa.olsztyn.pl\/wp-content\/uploads\/2025\/07\/PRZEWODNIK-DLA-LIDERA.pdf\" class=\"wp-block-file__button wp-element-button\" download aria-describedby=\"wp-block-file--media-21b65a13-767a-40ae-93d8-bdc9adbe362c\">Pobierz<\/a><\/div>\n\n\n\n<figure class=\"wp-block-embed is-type-video is-provider-youtube wp-block-embed-youtube wp-embed-aspect-4-3 wp-has-aspect-ratio\"><div class=\"wp-block-embed__wrapper\">\n<iframe loading=\"lazy\" title=\"Projekt: &quot;M\u0142odzie\u017cowa Akademia Talent\u00f3w!&quot;\" width=\"525\" height=\"394\" src=\"https:\/\/www.youtube.com\/embed\/dlGrdDRpMCQ?feature=oembed\" frameborder=\"0\" allow=\"accelerometer; autoplay; clipboard-write; encrypted-media; gyroscope; picture-in-picture; web-share\" referrerpolicy=\"strict-origin-when-cross-origin\" allowfullscreen><\/iframe>\n<\/div><\/figure>\n","protected":false},"excerpt":{"rendered":"<p>Poni\u017cej zamieszczamy materia\u0142y podsumowuj\u0105ce M\u0142odzie\u017cow\u0105 Akademi\u0119 Talent\u00f3w oraz przewodnik dla Lider\u00f3w wolontariatu.<\/p>\n","protected":false},"author":1,"featured_media":0,"parent":0,"menu_order":0,"comment_status":"closed","ping_status":"closed","template":"","meta":{"footnotes":""},"class_list":["post-1427","page","type-page","status-publish","hentry"],"_links":{"self":[{"href":"https:\/\/perspektywa.olsztyn.pl\/index.php\/wp-json\/wp\/v2\/pages\/1427","targetHints":{"allow":["GET"]}}],"collection":[{"href":"https:\/\/perspektywa.olsztyn.pl\/index.php\/wp-json\/wp\/v2\/pages"}],"about":[{"href":"https:\/\/perspektywa.olsztyn.pl\/index.php\/wp-json\/wp\/v2\/types\/page"}],"author":[{"embeddable":true,"href":"https:\/\/perspektywa.olsztyn.pl\/index.php\/wp-json\/wp\/v2\/users\/1"}],"replies":[{"embeddable":true,"href":"https:\/\/perspektywa.olsztyn.pl\/index.php\/wp-json\/wp\/v2\/comments?post=1427"}],"version-history":[{"count":2,"href":"https:\/\/perspektywa.olsztyn.pl\/index.php\/wp-json\/wp\/v2\/pages\/1427\/revisions"}],"predecessor-version":[{"id":1763,"href":"https:\/\/perspektywa.olsztyn.pl\/index.php\/wp-json\/wp\/v2\/pages\/1427\/revisions\/1763"}],"wp:attachment":[{"href":"https:\/\/perspektywa.olsztyn.pl\/index.php\/wp-json\/wp\/v2\/media?parent=1427"}],"curies":[{"name":"wp","href":"https:\/\/api.w.org\/{rel}","templated":true}]}}