{"id":1333,"date":"2024-02-21T00:33:17","date_gmt":"2024-02-21T00:33:17","guid":{"rendered":"https:\/\/perspektywa.olsztyn.pl\/?page_id=1333"},"modified":"2025-08-18T20:32:34","modified_gmt":"2025-08-18T20:32:34","slug":"galeria-zdjec","status":"publish","type":"page","link":"https:\/\/perspektywa.olsztyn.pl\/index.php\/galeria-zdjec\/","title":{"rendered":"Galeria"},"content":{"rendered":"\n<p>Poni\u017cej zamieszczamy materia\u0142y podsumowuj\u0105ce M\u0142odzie\u017cow\u0105 Akademi\u0119 Talent\u00f3w oraz przewodnik dla Lider\u00f3w wolontariatu. <\/p>\n\n\n\n<div data-wp-interactive=\"core\/file\" class=\"wp-block-file\"><object data-wp-bind--hidden=\"!state.hasPdfPreview\" hidden class=\"wp-block-file__embed\" data=\"https:\/\/perspektywa.olsztyn.pl\/wp-content\/uploads\/2025\/07\/PRZEWODNIK-DLA-LIDERA.pdf\" type=\"application\/pdf\" style=\"width:100%;height:600px\" aria-label=\"Osadzone z PRZEWODNIK DLA LIDERA.\"><\/object><a id=\"wp-block-file--media-3d6c2483-0a60-4dc7-bd2b-59393ceebc5c\" href=\"https:\/\/perspektywa.olsztyn.pl\/wp-content\/uploads\/2025\/07\/PRZEWODNIK-DLA-LIDERA.pdf\">PRZEWODNIK DLA LIDERA<\/a><a href=\"https:\/\/perspektywa.olsztyn.pl\/wp-content\/uploads\/2025\/07\/PRZEWODNIK-DLA-LIDERA.pdf\" class=\"wp-block-file__button wp-element-button\" download aria-describedby=\"wp-block-file--media-3d6c2483-0a60-4dc7-bd2b-59393ceebc5c\">Pobierz<\/a><\/div>\n\n\n\n<p><\/p>\n\n\n\n<figure class=\"wp-block-embed is-type-video is-provider-youtube wp-block-embed-youtube wp-embed-aspect-4-3 wp-has-aspect-ratio\"><div class=\"wp-block-embed__wrapper\">\n<iframe loading=\"lazy\" title=\"Projekt: &quot;M\u0142odzie\u017cowa Akademia Talent\u00f3w!&quot;\" width=\"525\" height=\"394\" src=\"https:\/\/www.youtube.com\/embed\/dlGrdDRpMCQ?feature=oembed\" frameborder=\"0\" allow=\"accelerometer; autoplay; clipboard-write; encrypted-media; gyroscope; picture-in-picture; web-share\" referrerpolicy=\"strict-origin-when-cross-origin\" allowfullscreen><\/iframe>\n<\/div><\/figure>\n\n\n\n<figure class=\"wp-block-gallery has-nested-images columns-default is-cropped wp-block-gallery-1 is-layout-flex wp-block-gallery-is-layout-flex\">\n<figure class=\"wp-block-image size-large\"><img loading=\"lazy\" decoding=\"async\" width=\"768\" height=\"1024\" data-id=\"1773\" src=\"https:\/\/perspektywa.olsztyn.pl\/wp-content\/uploads\/2025\/08\/IMG_3704-768x1024.jpg\" alt=\"\" class=\"wp-image-1773\" srcset=\"https:\/\/perspektywa.olsztyn.pl\/wp-content\/uploads\/2025\/08\/IMG_3704-768x1024.jpg 768w, https:\/\/perspektywa.olsztyn.pl\/wp-content\/uploads\/2025\/08\/IMG_3704-225x300.jpg 225w, https:\/\/perspektywa.olsztyn.pl\/wp-content\/uploads\/2025\/08\/IMG_3704-1152x1536.jpg 1152w, https:\/\/perspektywa.olsztyn.pl\/wp-content\/uploads\/2025\/08\/IMG_3704-1536x2048.jpg 1536w, https:\/\/perspektywa.olsztyn.pl\/wp-content\/uploads\/2025\/08\/IMG_3704-scaled.jpg 1920w\" sizes=\"auto, (max-width: 767px) 89vw, (max-width: 1000px) 54vw, (max-width: 1071px) 543px, 580px\" \/><\/figure>\n\n\n\n<figure class=\"wp-block-image size-large\"><img loading=\"lazy\" decoding=\"async\" width=\"994\" height=\"1024\" data-id=\"1784\" src=\"https:\/\/perspektywa.olsztyn.pl\/wp-content\/uploads\/2025\/08\/IMG_4109-994x1024.jpg\" alt=\"\" class=\"wp-image-1784\" srcset=\"https:\/\/perspektywa.olsztyn.pl\/wp-content\/uploads\/2025\/08\/IMG_4109-994x1024.jpg 994w, https:\/\/perspektywa.olsztyn.pl\/wp-content\/uploads\/2025\/08\/IMG_4109-291x300.jpg 291w, https:\/\/perspektywa.olsztyn.pl\/wp-content\/uploads\/2025\/08\/IMG_4109-768x791.jpg 768w, https:\/\/perspektywa.olsztyn.pl\/wp-content\/uploads\/2025\/08\/IMG_4109.jpg 1170w\" sizes=\"auto, (max-width: 767px) 89vw, (max-width: 1000px) 54vw, (max-width: 1071px) 543px, 580px\" \/><\/figure>\n\n\n\n<figure class=\"wp-block-image size-large\"><img loading=\"lazy\" decoding=\"async\" width=\"1024\" height=\"768\" data-id=\"1783\" src=\"https:\/\/perspektywa.olsztyn.pl\/wp-content\/uploads\/2025\/08\/IMG_3988-1024x768.jpg\" alt=\"\" class=\"wp-image-1783\" srcset=\"https:\/\/perspektywa.olsztyn.pl\/wp-content\/uploads\/2025\/08\/IMG_3988-1024x768.jpg 1024w, https:\/\/perspektywa.olsztyn.pl\/wp-content\/uploads\/2025\/08\/IMG_3988-300x225.jpg 300w, https:\/\/perspektywa.olsztyn.pl\/wp-content\/uploads\/2025\/08\/IMG_3988-768x576.jpg 768w, https:\/\/perspektywa.olsztyn.pl\/wp-content\/uploads\/2025\/08\/IMG_3988-1536x1152.jpg 1536w, https:\/\/perspektywa.olsztyn.pl\/wp-content\/uploads\/2025\/08\/IMG_3988-2048x1536.jpg 2048w\" sizes=\"auto, (max-width: 767px) 89vw, (max-width: 1000px) 54vw, (max-width: 1071px) 543px, 580px\" \/><\/figure>\n\n\n\n<figure class=\"wp-block-image size-large\"><img loading=\"lazy\" decoding=\"async\" width=\"1024\" height=\"768\" data-id=\"1782\" src=\"https:\/\/perspektywa.olsztyn.pl\/wp-content\/uploads\/2025\/08\/IMG_3966-1024x768.jpg\" alt=\"\" class=\"wp-image-1782\" srcset=\"https:\/\/perspektywa.olsztyn.pl\/wp-content\/uploads\/2025\/08\/IMG_3966-1024x768.jpg 1024w, https:\/\/perspektywa.olsztyn.pl\/wp-content\/uploads\/2025\/08\/IMG_3966-300x225.jpg 300w, https:\/\/perspektywa.olsztyn.pl\/wp-content\/uploads\/2025\/08\/IMG_3966-768x576.jpg 768w, https:\/\/perspektywa.olsztyn.pl\/wp-content\/uploads\/2025\/08\/IMG_3966-1536x1152.jpg 1536w, https:\/\/perspektywa.olsztyn.pl\/wp-content\/uploads\/2025\/08\/IMG_3966-2048x1536.jpg 2048w\" sizes=\"auto, (max-width: 767px) 89vw, (max-width: 1000px) 54vw, (max-width: 1071px) 543px, 580px\" \/><\/figure>\n\n\n\n<figure class=\"wp-block-image size-large\"><img loading=\"lazy\" decoding=\"async\" width=\"1024\" height=\"768\" data-id=\"1781\" src=\"https:\/\/perspektywa.olsztyn.pl\/wp-content\/uploads\/2025\/08\/IMG_3904-1024x768.jpg\" alt=\"\" class=\"wp-image-1781\" srcset=\"https:\/\/perspektywa.olsztyn.pl\/wp-content\/uploads\/2025\/08\/IMG_3904-1024x768.jpg 1024w, https:\/\/perspektywa.olsztyn.pl\/wp-content\/uploads\/2025\/08\/IMG_3904-300x225.jpg 300w, https:\/\/perspektywa.olsztyn.pl\/wp-content\/uploads\/2025\/08\/IMG_3904-768x576.jpg 768w, https:\/\/perspektywa.olsztyn.pl\/wp-content\/uploads\/2025\/08\/IMG_3904-1536x1152.jpg 1536w, https:\/\/perspektywa.olsztyn.pl\/wp-content\/uploads\/2025\/08\/IMG_3904-2048x1536.jpg 2048w\" sizes=\"auto, (max-width: 767px) 89vw, (max-width: 1000px) 54vw, (max-width: 1071px) 543px, 580px\" \/><\/figure>\n\n\n\n<figure class=\"wp-block-image size-large\"><img loading=\"lazy\" decoding=\"async\" width=\"768\" height=\"1024\" data-id=\"1786\" src=\"https:\/\/perspektywa.olsztyn.pl\/wp-content\/uploads\/2025\/08\/IMG_4125-768x1024.jpg\" alt=\"\" class=\"wp-image-1786\" srcset=\"https:\/\/perspektywa.olsztyn.pl\/wp-content\/uploads\/2025\/08\/IMG_4125-768x1024.jpg 768w, https:\/\/perspektywa.olsztyn.pl\/wp-content\/uploads\/2025\/08\/IMG_4125-225x300.jpg 225w, https:\/\/perspektywa.olsztyn.pl\/wp-content\/uploads\/2025\/08\/IMG_4125-1152x1536.jpg 1152w, https:\/\/perspektywa.olsztyn.pl\/wp-content\/uploads\/2025\/08\/IMG_4125.jpg 1536w\" sizes=\"auto, (max-width: 767px) 89vw, (max-width: 1000px) 54vw, (max-width: 1071px) 543px, 580px\" \/><\/figure>\n\n\n\n<figure class=\"wp-block-image size-large\"><img loading=\"lazy\" decoding=\"async\" width=\"976\" height=\"1024\" data-id=\"1785\" src=\"https:\/\/perspektywa.olsztyn.pl\/wp-content\/uploads\/2025\/08\/IMG_4110-976x1024.jpg\" alt=\"\" class=\"wp-image-1785\" srcset=\"https:\/\/perspektywa.olsztyn.pl\/wp-content\/uploads\/2025\/08\/IMG_4110-976x1024.jpg 976w, https:\/\/perspektywa.olsztyn.pl\/wp-content\/uploads\/2025\/08\/IMG_4110-286x300.jpg 286w, https:\/\/perspektywa.olsztyn.pl\/wp-content\/uploads\/2025\/08\/IMG_4110-768x806.jpg 768w, https:\/\/perspektywa.olsztyn.pl\/wp-content\/uploads\/2025\/08\/IMG_4110.jpg 1170w\" sizes=\"auto, (max-width: 767px) 89vw, (max-width: 1000px) 54vw, (max-width: 1071px) 543px, 580px\" \/><\/figure>\n\n\n\n<figure class=\"wp-block-image size-large\"><img loading=\"lazy\" decoding=\"async\" width=\"768\" height=\"1024\" data-id=\"1787\" src=\"https:\/\/perspektywa.olsztyn.pl\/wp-content\/uploads\/2025\/08\/IMG_4127-768x1024.jpg\" alt=\"\" class=\"wp-image-1787\" srcset=\"https:\/\/perspektywa.olsztyn.pl\/wp-content\/uploads\/2025\/08\/IMG_4127-768x1024.jpg 768w, https:\/\/perspektywa.olsztyn.pl\/wp-content\/uploads\/2025\/08\/IMG_4127-225x300.jpg 225w, https:\/\/perspektywa.olsztyn.pl\/wp-content\/uploads\/2025\/08\/IMG_4127-1152x1536.jpg 1152w, https:\/\/perspektywa.olsztyn.pl\/wp-content\/uploads\/2025\/08\/IMG_4127.jpg 1536w\" sizes=\"auto, (max-width: 767px) 89vw, (max-width: 1000px) 54vw, (max-width: 1071px) 543px, 580px\" \/><\/figure>\n\n\n\n<figure class=\"wp-block-image size-large\"><img loading=\"lazy\" decoding=\"async\" width=\"1024\" height=\"716\" data-id=\"1788\" src=\"https:\/\/perspektywa.olsztyn.pl\/wp-content\/uploads\/2025\/08\/IMG_4153-1024x716.jpg\" alt=\"\" class=\"wp-image-1788\" srcset=\"https:\/\/perspektywa.olsztyn.pl\/wp-content\/uploads\/2025\/08\/IMG_4153-1024x716.jpg 1024w, https:\/\/perspektywa.olsztyn.pl\/wp-content\/uploads\/2025\/08\/IMG_4153-300x210.jpg 300w, https:\/\/perspektywa.olsztyn.pl\/wp-content\/uploads\/2025\/08\/IMG_4153-768x537.jpg 768w, https:\/\/perspektywa.olsztyn.pl\/wp-content\/uploads\/2025\/08\/IMG_4153.jpg 1170w\" sizes=\"auto, (max-width: 767px) 89vw, (max-width: 1000px) 54vw, (max-width: 1071px) 543px, 580px\" \/><figcaption class=\"wp-element-caption\">Screenshot<\/figcaption><\/figure>\n\n\n\n<figure class=\"wp-block-image size-large\"><img loading=\"lazy\" decoding=\"async\" width=\"1024\" height=\"863\" data-id=\"1790\" src=\"https:\/\/perspektywa.olsztyn.pl\/wp-content\/uploads\/2025\/08\/IMG_4209-1024x863.jpg\" alt=\"\" class=\"wp-image-1790\" srcset=\"https:\/\/perspektywa.olsztyn.pl\/wp-content\/uploads\/2025\/08\/IMG_4209-1024x863.jpg 1024w, https:\/\/perspektywa.olsztyn.pl\/wp-content\/uploads\/2025\/08\/IMG_4209-300x253.jpg 300w, https:\/\/perspektywa.olsztyn.pl\/wp-content\/uploads\/2025\/08\/IMG_4209-768x647.jpg 768w, https:\/\/perspektywa.olsztyn.pl\/wp-content\/uploads\/2025\/08\/IMG_4209-1536x1295.jpg 1536w, https:\/\/perspektywa.olsztyn.pl\/wp-content\/uploads\/2025\/08\/IMG_4209-2048x1727.jpg 2048w\" sizes=\"auto, (max-width: 767px) 89vw, (max-width: 1000px) 54vw, (max-width: 1071px) 543px, 580px\" \/><\/figure>\n\n\n\n<figure class=\"wp-block-image size-large\"><img loading=\"lazy\" decoding=\"async\" width=\"1024\" height=\"768\" data-id=\"1795\" src=\"https:\/\/perspektywa.olsztyn.pl\/wp-content\/uploads\/2025\/08\/IMG_5773-1024x768.jpg\" alt=\"\" class=\"wp-image-1795\" srcset=\"https:\/\/perspektywa.olsztyn.pl\/wp-content\/uploads\/2025\/08\/IMG_5773-1024x768.jpg 1024w, https:\/\/perspektywa.olsztyn.pl\/wp-content\/uploads\/2025\/08\/IMG_5773-300x225.jpg 300w, https:\/\/perspektywa.olsztyn.pl\/wp-content\/uploads\/2025\/08\/IMG_5773-768x576.jpg 768w, https:\/\/perspektywa.olsztyn.pl\/wp-content\/uploads\/2025\/08\/IMG_5773.jpg 1280w\" sizes=\"auto, (max-width: 767px) 89vw, (max-width: 1000px) 54vw, (max-width: 1071px) 543px, 580px\" \/><\/figure>\n\n\n\n<figure class=\"wp-block-image size-large\"><img loading=\"lazy\" decoding=\"async\" width=\"473\" height=\"1024\" data-id=\"1791\" src=\"https:\/\/perspektywa.olsztyn.pl\/wp-content\/uploads\/2025\/08\/IMG_4342-473x1024.png\" alt=\"\" class=\"wp-image-1791\" srcset=\"https:\/\/perspektywa.olsztyn.pl\/wp-content\/uploads\/2025\/08\/IMG_4342-473x1024.png 473w, https:\/\/perspektywa.olsztyn.pl\/wp-content\/uploads\/2025\/08\/IMG_4342-139x300.png 139w, https:\/\/perspektywa.olsztyn.pl\/wp-content\/uploads\/2025\/08\/IMG_4342-768x1662.png 768w, https:\/\/perspektywa.olsztyn.pl\/wp-content\/uploads\/2025\/08\/IMG_4342-710x1536.png 710w, https:\/\/perspektywa.olsztyn.pl\/wp-content\/uploads\/2025\/08\/IMG_4342-946x2048.png 946w, https:\/\/perspektywa.olsztyn.pl\/wp-content\/uploads\/2025\/08\/IMG_4342.png 1170w\" sizes=\"auto, (max-width: 473px) 100vw, 473px\" \/><\/figure>\n\n\n\n<figure class=\"wp-block-image size-large\"><img loading=\"lazy\" decoding=\"async\" width=\"768\" height=\"1024\" data-id=\"1767\" src=\"https:\/\/perspektywa.olsztyn.pl\/wp-content\/uploads\/2025\/08\/6e8b8ebf-064a-4dc8-b90d-b5f134e3737a-768x1024.jpg\" alt=\"\" class=\"wp-image-1767\" srcset=\"https:\/\/perspektywa.olsztyn.pl\/wp-content\/uploads\/2025\/08\/6e8b8ebf-064a-4dc8-b90d-b5f134e3737a-768x1024.jpg 768w, https:\/\/perspektywa.olsztyn.pl\/wp-content\/uploads\/2025\/08\/6e8b8ebf-064a-4dc8-b90d-b5f134e3737a-225x300.jpg 225w, https:\/\/perspektywa.olsztyn.pl\/wp-content\/uploads\/2025\/08\/6e8b8ebf-064a-4dc8-b90d-b5f134e3737a-1152x1536.jpg 1152w, https:\/\/perspektywa.olsztyn.pl\/wp-content\/uploads\/2025\/08\/6e8b8ebf-064a-4dc8-b90d-b5f134e3737a.jpg 1536w\" sizes=\"auto, (max-width: 767px) 89vw, (max-width: 1000px) 54vw, (max-width: 1071px) 543px, 580px\" \/><\/figure>\n\n\n\n<figure class=\"wp-block-image size-large\"><img loading=\"lazy\" decoding=\"async\" width=\"768\" height=\"1024\" data-id=\"1768\" src=\"https:\/\/perspektywa.olsztyn.pl\/wp-content\/uploads\/2025\/08\/8a9d6b8e-14a8-4a63-9c02-1b3450da618d-768x1024.jpg\" alt=\"\" class=\"wp-image-1768\" srcset=\"https:\/\/perspektywa.olsztyn.pl\/wp-content\/uploads\/2025\/08\/8a9d6b8e-14a8-4a63-9c02-1b3450da618d-768x1024.jpg 768w, https:\/\/perspektywa.olsztyn.pl\/wp-content\/uploads\/2025\/08\/8a9d6b8e-14a8-4a63-9c02-1b3450da618d-225x300.jpg 225w, https:\/\/perspektywa.olsztyn.pl\/wp-content\/uploads\/2025\/08\/8a9d6b8e-14a8-4a63-9c02-1b3450da618d-1152x1536.jpg 1152w, https:\/\/perspektywa.olsztyn.pl\/wp-content\/uploads\/2025\/08\/8a9d6b8e-14a8-4a63-9c02-1b3450da618d.jpg 1536w\" sizes=\"auto, (max-width: 767px) 89vw, (max-width: 1000px) 54vw, (max-width: 1071px) 543px, 580px\" \/><\/figure>\n\n\n\n<figure class=\"wp-block-image size-large\"><img loading=\"lazy\" decoding=\"async\" width=\"1024\" height=\"768\" data-id=\"1770\" src=\"https:\/\/perspektywa.olsztyn.pl\/wp-content\/uploads\/2025\/08\/a9978590-b61b-40ee-ac19-30f67ad6dd43-1024x768.jpg\" alt=\"\" class=\"wp-image-1770\" srcset=\"https:\/\/perspektywa.olsztyn.pl\/wp-content\/uploads\/2025\/08\/a9978590-b61b-40ee-ac19-30f67ad6dd43-1024x768.jpg 1024w, https:\/\/perspektywa.olsztyn.pl\/wp-content\/uploads\/2025\/08\/a9978590-b61b-40ee-ac19-30f67ad6dd43-300x225.jpg 300w, https:\/\/perspektywa.olsztyn.pl\/wp-content\/uploads\/2025\/08\/a9978590-b61b-40ee-ac19-30f67ad6dd43-768x576.jpg 768w, https:\/\/perspektywa.olsztyn.pl\/wp-content\/uploads\/2025\/08\/a9978590-b61b-40ee-ac19-30f67ad6dd43-1536x1152.jpg 1536w, https:\/\/perspektywa.olsztyn.pl\/wp-content\/uploads\/2025\/08\/a9978590-b61b-40ee-ac19-30f67ad6dd43.jpg 2048w\" sizes=\"auto, (max-width: 767px) 89vw, (max-width: 1000px) 54vw, (max-width: 1071px) 543px, 580px\" \/><\/figure>\n\n\n\n<figure class=\"wp-block-image size-large\"><img loading=\"lazy\" decoding=\"async\" width=\"1024\" height=\"768\" data-id=\"1771\" src=\"https:\/\/perspektywa.olsztyn.pl\/wp-content\/uploads\/2025\/08\/IMG_3629-1024x768.jpg\" alt=\"\" class=\"wp-image-1771\" srcset=\"https:\/\/perspektywa.olsztyn.pl\/wp-content\/uploads\/2025\/08\/IMG_3629-1024x768.jpg 1024w, https:\/\/perspektywa.olsztyn.pl\/wp-content\/uploads\/2025\/08\/IMG_3629-300x225.jpg 300w, https:\/\/perspektywa.olsztyn.pl\/wp-content\/uploads\/2025\/08\/IMG_3629-768x576.jpg 768w, https:\/\/perspektywa.olsztyn.pl\/wp-content\/uploads\/2025\/08\/IMG_3629-1536x1152.jpg 1536w, https:\/\/perspektywa.olsztyn.pl\/wp-content\/uploads\/2025\/08\/IMG_3629-2048x1536.jpg 2048w\" sizes=\"auto, (max-width: 767px) 89vw, (max-width: 1000px) 54vw, (max-width: 1071px) 543px, 580px\" \/><\/figure>\n\n\n\n<figure class=\"wp-block-image size-large\"><img loading=\"lazy\" decoding=\"async\" width=\"768\" height=\"1024\" data-id=\"1778\" src=\"https:\/\/perspektywa.olsztyn.pl\/wp-content\/uploads\/2025\/08\/IMG_3720-768x1024.jpg\" alt=\"\" class=\"wp-image-1778\" srcset=\"https:\/\/perspektywa.olsztyn.pl\/wp-content\/uploads\/2025\/08\/IMG_3720-768x1024.jpg 768w, https:\/\/perspektywa.olsztyn.pl\/wp-content\/uploads\/2025\/08\/IMG_3720-225x300.jpg 225w, https:\/\/perspektywa.olsztyn.pl\/wp-content\/uploads\/2025\/08\/IMG_3720-1152x1536.jpg 1152w, https:\/\/perspektywa.olsztyn.pl\/wp-content\/uploads\/2025\/08\/IMG_3720-1536x2048.jpg 1536w, https:\/\/perspektywa.olsztyn.pl\/wp-content\/uploads\/2025\/08\/IMG_3720-scaled.jpg 1920w\" sizes=\"auto, (max-width: 767px) 89vw, (max-width: 1000px) 54vw, (max-width: 1071px) 543px, 580px\" \/><\/figure>\n\n\n\n<figure class=\"wp-block-image size-large\"><img loading=\"lazy\" decoding=\"async\" width=\"1024\" height=\"768\" data-id=\"1776\" src=\"https:\/\/perspektywa.olsztyn.pl\/wp-content\/uploads\/2025\/08\/IMG_3711-1024x768.jpg\" alt=\"\" class=\"wp-image-1776\" srcset=\"https:\/\/perspektywa.olsztyn.pl\/wp-content\/uploads\/2025\/08\/IMG_3711-1024x768.jpg 1024w, https:\/\/perspektywa.olsztyn.pl\/wp-content\/uploads\/2025\/08\/IMG_3711-300x225.jpg 300w, https:\/\/perspektywa.olsztyn.pl\/wp-content\/uploads\/2025\/08\/IMG_3711-768x576.jpg 768w, https:\/\/perspektywa.olsztyn.pl\/wp-content\/uploads\/2025\/08\/IMG_3711-1536x1152.jpg 1536w, https:\/\/perspektywa.olsztyn.pl\/wp-content\/uploads\/2025\/08\/IMG_3711-2048x1536.jpg 2048w\" sizes=\"auto, (max-width: 767px) 89vw, (max-width: 1000px) 54vw, (max-width: 1071px) 543px, 580px\" \/><\/figure>\n\n\n\n<figure class=\"wp-block-image size-large\"><img loading=\"lazy\" decoding=\"async\" width=\"768\" height=\"1024\" data-id=\"1775\" src=\"https:\/\/perspektywa.olsztyn.pl\/wp-content\/uploads\/2025\/08\/IMG_3710-768x1024.jpg\" alt=\"\" class=\"wp-image-1775\" srcset=\"https:\/\/perspektywa.olsztyn.pl\/wp-content\/uploads\/2025\/08\/IMG_3710-768x1024.jpg 768w, https:\/\/perspektywa.olsztyn.pl\/wp-content\/uploads\/2025\/08\/IMG_3710-225x300.jpg 225w, https:\/\/perspektywa.olsztyn.pl\/wp-content\/uploads\/2025\/08\/IMG_3710-1152x1536.jpg 1152w, https:\/\/perspektywa.olsztyn.pl\/wp-content\/uploads\/2025\/08\/IMG_3710-1536x2048.jpg 1536w, https:\/\/perspektywa.olsztyn.pl\/wp-content\/uploads\/2025\/08\/IMG_3710-scaled.jpg 1920w\" sizes=\"auto, (max-width: 767px) 89vw, (max-width: 1000px) 54vw, (max-width: 1071px) 543px, 580px\" \/><\/figure>\n\n\n\n<figure class=\"wp-block-image size-large\"><img loading=\"lazy\" decoding=\"async\" width=\"768\" height=\"1024\" data-id=\"1779\" src=\"https:\/\/perspektywa.olsztyn.pl\/wp-content\/uploads\/2025\/08\/IMG_3731-768x1024.jpg\" alt=\"\" class=\"wp-image-1779\" srcset=\"https:\/\/perspektywa.olsztyn.pl\/wp-content\/uploads\/2025\/08\/IMG_3731-768x1024.jpg 768w, https:\/\/perspektywa.olsztyn.pl\/wp-content\/uploads\/2025\/08\/IMG_3731-225x300.jpg 225w, https:\/\/perspektywa.olsztyn.pl\/wp-content\/uploads\/2025\/08\/IMG_3731-1152x1536.jpg 1152w, https:\/\/perspektywa.olsztyn.pl\/wp-content\/uploads\/2025\/08\/IMG_3731-1536x2048.jpg 1536w, https:\/\/perspektywa.olsztyn.pl\/wp-content\/uploads\/2025\/08\/IMG_3731-scaled.jpg 1920w\" sizes=\"auto, (max-width: 767px) 89vw, (max-width: 1000px) 54vw, (max-width: 1071px) 543px, 580px\" \/><\/figure>\n\n\n\n<figure class=\"wp-block-image size-large\"><img loading=\"lazy\" decoding=\"async\" width=\"768\" height=\"1024\" data-id=\"1780\" src=\"https:\/\/perspektywa.olsztyn.pl\/wp-content\/uploads\/2025\/08\/IMG_3885-768x1024.jpg\" alt=\"\" class=\"wp-image-1780\" srcset=\"https:\/\/perspektywa.olsztyn.pl\/wp-content\/uploads\/2025\/08\/IMG_3885-768x1024.jpg 768w, https:\/\/perspektywa.olsztyn.pl\/wp-content\/uploads\/2025\/08\/IMG_3885-225x300.jpg 225w, https:\/\/perspektywa.olsztyn.pl\/wp-content\/uploads\/2025\/08\/IMG_3885-1152x1536.jpg 1152w, https:\/\/perspektywa.olsztyn.pl\/wp-content\/uploads\/2025\/08\/IMG_3885-1536x2048.jpg 1536w, https:\/\/perspektywa.olsztyn.pl\/wp-content\/uploads\/2025\/08\/IMG_3885-scaled.jpg 1920w\" sizes=\"auto, (max-width: 767px) 89vw, (max-width: 1000px) 54vw, (max-width: 1071px) 543px, 580px\" \/><\/figure>\n<\/figure>\n","protected":false},"excerpt":{"rendered":"<p>Poni\u017cej zamieszczamy materia\u0142y podsumowuj\u0105ce M\u0142odzie\u017cow\u0105 Akademi\u0119 Talent\u00f3w oraz przewodnik dla Lider\u00f3w wolontariatu.<\/p>\n","protected":false},"author":1,"featured_media":0,"parent":0,"menu_order":0,"comment_status":"closed","ping_status":"closed","template":"","meta":{"footnotes":""},"class_list":["post-1333","page","type-page","status-publish","hentry"],"_links":{"self":[{"href":"https:\/\/perspektywa.olsztyn.pl\/index.php\/wp-json\/wp\/v2\/pages\/1333","targetHints":{"allow":["GET"]}}],"collection":[{"href":"https:\/\/perspektywa.olsztyn.pl\/index.php\/wp-json\/wp\/v2\/pages"}],"about":[{"href":"https:\/\/perspektywa.olsztyn.pl\/index.php\/wp-json\/wp\/v2\/types\/page"}],"author":[{"embeddable":true,"href":"https:\/\/perspektywa.olsztyn.pl\/index.php\/wp-json\/wp\/v2\/users\/1"}],"replies":[{"embeddable":true,"href":"https:\/\/perspektywa.olsztyn.pl\/index.php\/wp-json\/wp\/v2\/comments?post=1333"}],"version-history":[{"count":5,"href":"https:\/\/perspektywa.olsztyn.pl\/index.php\/wp-json\/wp\/v2\/pages\/1333\/revisions"}],"predecessor-version":[{"id":1797,"href":"https:\/\/perspektywa.olsztyn.pl\/index.php\/wp-json\/wp\/v2\/pages\/1333\/revisions\/1797"}],"wp:attachment":[{"href":"https:\/\/perspektywa.olsztyn.pl\/index.php\/wp-json\/wp\/v2\/media?parent=1333"}],"curies":[{"name":"wp","href":"https:\/\/api.w.org\/{rel}","templated":true}]}}