{"id":1332,"date":"2024-02-21T00:33:17","date_gmt":"2024-02-21T00:33:17","guid":{"rendered":"https:\/\/perspektywa.olsztyn.pl\/?page_id=1332"},"modified":"2024-10-24T12:14:13","modified_gmt":"2024-10-24T12:14:13","slug":"informacja-o-projekcie","status":"publish","type":"page","link":"https:\/\/perspektywa.olsztyn.pl\/index.php\/informacja-o-projekcie\/","title":{"rendered":"Informacja o projekcie"},"content":{"rendered":"\n<p>Harmonogram zaj\u0119\u0107 M\u0142odzie\u017cowej Akademii Talent\u00f3w: <a href=\"https:\/\/perspektywa.olsztyn.pl\/wp-content\/uploads\/2024\/10\/HARMONOGRAM-ZAJEC-MAT-na-strone.pdf\">Pobierz<\/a><\/p>\n\n\n\n<p><\/p>\n\n\n\n<div data-wp-interactive=\"core\/file\" class=\"wp-block-file\"><object data-wp-bind--hidden=\"!state.hasPdfPreview\" hidden class=\"wp-block-file__embed\" data=\"https:\/\/perspektywa.olsztyn.pl\/wp-content\/uploads\/2024\/04\/Informacje_o_projekcie_MAT.pdf\" type=\"application\/pdf\" style=\"width:100%;height:600px\" aria-label=\"Osadzone z Informacje_o_projekcie_MAT.\"><\/object><a id=\"wp-block-file--media-684a0d09-6abf-4c85-9eae-d72704a0740c\" href=\"https:\/\/perspektywa.olsztyn.pl\/wp-content\/uploads\/2024\/04\/Informacje_o_projekcie_MAT.pdf\">Informacje_o_projekcie_MAT<\/a><a href=\"https:\/\/perspektywa.olsztyn.pl\/wp-content\/uploads\/2024\/04\/Informacje_o_projekcie_MAT.pdf\" class=\"wp-block-file__button wp-element-button\" download aria-describedby=\"wp-block-file--media-684a0d09-6abf-4c85-9eae-d72704a0740c\">Pobierz<\/a><\/div>\n\n\n\n<div class=\"wp-block-file\"><a id=\"wp-block-file--media-3df7f07a-d019-44f0-9870-d09d591da55a\" href=\"https:\/\/perspektywa.olsztyn.pl\/wp-content\/uploads\/2024\/04\/KARTA-ZGLOSZENIA-DO-ZADANIA-PUBLICZNEGO.pdf\">Karta_zg\u0142oszenia_do_zadania_publicznego<\/a><a href=\"https:\/\/perspektywa.olsztyn.pl\/wp-content\/uploads\/2024\/04\/KARTA-ZGLOSZENIA-DO-ZADANIA-PUBLICZNEGO.pdf\" class=\"wp-block-file__button wp-element-button\" download aria-describedby=\"wp-block-file--media-3df7f07a-d019-44f0-9870-d09d591da55a\">Pobierz<\/a><\/div>\n","protected":false},"excerpt":{"rendered":"<p>Harmonogram zaj\u0119\u0107 M\u0142odzie\u017cowej Akademii Talent\u00f3w: Pobierz<\/p>\n","protected":false},"author":1,"featured_media":0,"parent":0,"menu_order":0,"comment_status":"closed","ping_status":"closed","template":"","meta":{"footnotes":""},"class_list":["post-1332","page","type-page","status-publish","hentry"],"_links":{"self":[{"href":"https:\/\/perspektywa.olsztyn.pl\/index.php\/wp-json\/wp\/v2\/pages\/1332","targetHints":{"allow":["GET"]}}],"collection":[{"href":"https:\/\/perspektywa.olsztyn.pl\/index.php\/wp-json\/wp\/v2\/pages"}],"about":[{"href":"https:\/\/perspektywa.olsztyn.pl\/index.php\/wp-json\/wp\/v2\/types\/page"}],"author":[{"embeddable":true,"href":"https:\/\/perspektywa.olsztyn.pl\/index.php\/wp-json\/wp\/v2\/users\/1"}],"replies":[{"embeddable":true,"href":"https:\/\/perspektywa.olsztyn.pl\/index.php\/wp-json\/wp\/v2\/comments?post=1332"}],"version-history":[{"count":9,"href":"https:\/\/perspektywa.olsztyn.pl\/index.php\/wp-json\/wp\/v2\/pages\/1332\/revisions"}],"predecessor-version":[{"id":1672,"href":"https:\/\/perspektywa.olsztyn.pl\/index.php\/wp-json\/wp\/v2\/pages\/1332\/revisions\/1672"}],"wp:attachment":[{"href":"https:\/\/perspektywa.olsztyn.pl\/index.php\/wp-json\/wp\/v2\/media?parent=1332"}],"curies":[{"name":"wp","href":"https:\/\/api.w.org\/{rel}","templated":true}]}}